{"id":55,"date":"2022-10-11T07:35:23","date_gmt":"2022-10-11T07:35:23","guid":{"rendered":"https:\/\/beile.fr\/?page_id=55"},"modified":"2023-05-26T09:50:05","modified_gmt":"2023-05-26T08:50:05","slug":"customers-reviews","status":"publish","type":"page","link":"https:\/\/beile.fr\/en\/customers-reviews\/","title":{"rendered":"Reviews"},"content":{"rendered":"<div data-elementor-type=\"wp-page\" data-elementor-id=\"55\" class=\"elementor elementor-55\">\n\t\t\t\t\t\t<section class=\"elementor-section elementor-top-section elementor-element elementor-element-51a7612 elementor-section-stretched elementor-section-boxed elementor-section-height-default elementor-section-height-default wpr-particle-no wpr-jarallax-no wpr-parallax-no wpr-sticky-section-no\" data-id=\"51a7612\" data-element_type=\"section\" data-e-type=\"section\" data-settings=\"{&quot;stretch_section&quot;:&quot;section-stretched&quot;}\">\n\t\t\t\t\t\t<div class=\"elementor-container elementor-column-gap-default\">\n\t\t\t\t\t<div class=\"elementor-column elementor-col-100 elementor-top-column elementor-element elementor-element-d84c7dc\" data-id=\"d84c7dc\" data-element_type=\"column\" data-e-type=\"column\">\n\t\t\t<div class=\"elementor-widget-wrap elementor-element-populated\">\n\t\t\t\t\t\t<section class=\"elementor-section elementor-inner-section elementor-element elementor-element-5bb32c4 elementor-section-boxed elementor-section-height-default elementor-section-height-default wpr-particle-no wpr-jarallax-no wpr-parallax-no wpr-sticky-section-no\" data-id=\"5bb32c4\" data-element_type=\"section\" data-e-type=\"section\">\n\t\t\t\t\t\t<div class=\"elementor-container elementor-column-gap-default\">\n\t\t\t\t\t<div class=\"elementor-column elementor-col-100 elementor-inner-column elementor-element elementor-element-f016a5e\" data-id=\"f016a5e\" data-element_type=\"column\" data-e-type=\"column\">\n\t\t\t<div class=\"elementor-widget-wrap elementor-element-populated\">\n\t\t\t\t\t\t<div class=\"elementor-element elementor-element-7dea508 elementor-widget-divider--view-line elementor-widget elementor-widget-divider\" data-id=\"7dea508\" data-element_type=\"widget\" data-e-type=\"widget\" data-widget_type=\"divider.default\">\n\t\t\t\t<div class=\"elementor-widget-container\">\n\t\t\t\t\t\t\t<div class=\"elementor-divider\">\n\t\t\t<span class=\"elementor-divider-separator\">\n\t\t\t\t\t\t<\/span>\n\t\t<\/div>\n\t\t\t\t\t\t<\/div>\n\t\t\t\t<\/div>\n\t\t\t\t<div class=\"elementor-element elementor-element-3f209e2 elementor-widget-divider--view-line elementor-widget elementor-widget-divider\" data-id=\"3f209e2\" data-element_type=\"widget\" data-e-type=\"widget\" data-widget_type=\"divider.default\">\n\t\t\t\t<div class=\"elementor-widget-container\">\n\t\t\t\t\t\t\t<div class=\"elementor-divider\">\n\t\t\t<span class=\"elementor-divider-separator\">\n\t\t\t\t\t\t<\/span>\n\t\t<\/div>\n\t\t\t\t\t\t<\/div>\n\t\t\t\t<\/div>\n\t\t\t\t\t<\/div>\n\t\t<\/div>\n\t\t\t\t\t<\/div>\n\t\t<\/section>\n\t\t\t\t\t<\/div>\n\t\t<\/div>\n\t\t\t\t\t<\/div>\n\t\t<\/section>\n\t\t\t\t<\/div>","protected":false},"excerpt":{"rendered":"","protected":false},"author":3,"featured_media":0,"parent":0,"menu_order":0,"comment_status":"closed","ping_status":"closed","template":"","meta":{"site-sidebar-layout":"no-sidebar","site-content-layout":"page-builder","ast-site-content-layout":"default","site-content-style":"default","site-sidebar-style":"default","ast-global-header-display":"","ast-banner-title-visibility":"","ast-main-header-display":"","ast-hfb-above-header-display":"","ast-hfb-below-header-display":"","ast-hfb-mobile-header-display":"","site-post-title":"disabled","ast-breadcrumbs-content":"","ast-featured-img":"disabled","footer-sml-layout":"","ast-disable-related-posts":"","theme-transparent-header-meta":"","adv-header-id-meta":"","stick-header-meta":"","header-above-stick-meta":"","header-main-stick-meta":"","header-below-stick-meta":"","astra-migrate-meta-layouts":"default","ast-page-background-enabled":"default","ast-page-background-meta":{"desktop":{"background-color":"var(--ast-global-color-4)","background-image":"","background-repeat":"repeat","background-position":"center center","background-size":"auto","background-attachment":"scroll","background-type":"","background-media":"","overlay-type":"","overlay-color":"","overlay-opacity":"","overlay-gradient":""},"tablet":{"background-color":"","background-image":"","background-repeat":"repeat","background-position":"center center","background-size":"auto","background-attachment":"scroll","background-type":"","background-media":"","overlay-type":"","overlay-color":"","overlay-opacity":"","overlay-gradient":""},"mobile":{"background-color":"","background-image":"","background-repeat":"repeat","background-position":"center center","background-size":"auto","background-attachment":"scroll","background-type":"","background-media":"","overlay-type":"","overlay-color":"","overlay-opacity":"","overlay-gradient":""}},"ast-content-background-meta":{"desktop":{"background-color":"var(--ast-global-color-5)","background-image":"","background-repeat":"repeat","background-position":"center center","background-size":"auto","background-attachment":"scroll","background-type":"","background-media":"","overlay-type":"","overlay-color":"","overlay-opacity":"","overlay-gradient":""},"tablet":{"background-color":"var(--ast-global-color-5)","background-image":"","background-repeat":"repeat","background-position":"center center","background-size":"auto","background-attachment":"scroll","background-type":"","background-media":"","overlay-type":"","overlay-color":"","overlay-opacity":"","overlay-gradient":""},"mobile":{"background-color":"var(--ast-global-color-5)","background-image":"","background-repeat":"repeat","background-position":"center center","background-size":"auto","background-attachment":"scroll","background-type":"","background-media":"","overlay-type":"","overlay-color":"","overlay-opacity":"","overlay-gradient":""}},"footnotes":""},"class_list":["post-55","page","type-page","status-publish","hentry"],"yoast_head":"<!-- This site is optimized with the Yoast SEO plugin v27.2 - https:\/\/yoast.com\/product\/yoast-seo-wordpress\/ -->\n<title>Avis des clients - Beile<\/title>\n<meta name=\"description\" content=\"Avis des clients Beile sur leur exp\u00e9rience, l&#039;achat et vente de bande dessin\u00e9s et particuli\u00e8rement Tintin et son auteur Herg\u00e9.\" \/>\n<meta name=\"robots\" content=\"index, follow, max-snippet:-1, max-image-preview:large, max-video-preview:-1\" \/>\n<link rel=\"canonical\" href=\"https:\/\/beile.fr\/en\/customers-reviews\/\" \/>\n<meta property=\"og:locale\" content=\"en_GB\" \/>\n<meta property=\"og:type\" content=\"article\" \/>\n<meta property=\"og:title\" content=\"Avis des clients - Beile\" \/>\n<meta property=\"og:description\" content=\"Avis des clients Beile sur leur exp\u00e9rience, l&#039;achat et vente de bande dessin\u00e9s et particuli\u00e8rement Tintin et son auteur Herg\u00e9.\" \/>\n<meta property=\"og:url\" content=\"https:\/\/beile.fr\/en\/customers-reviews\/\" \/>\n<meta property=\"og:site_name\" content=\"Beile\" \/>\n<meta property=\"article:modified_time\" content=\"2023-05-26T08:50:05+00:00\" \/>\n<meta name=\"twitter:card\" content=\"summary_large_image\" \/>\n<script type=\"application\/ld+json\" class=\"yoast-schema-graph\">{\"@context\":\"https:\/\/schema.org\",\"@graph\":[{\"@type\":\"WebPage\",\"@id\":\"https:\/\/beile.fr\/avis-clients\/\",\"url\":\"https:\/\/beile.fr\/avis-clients\/\",\"name\":\"Avis des clients - Beile\",\"isPartOf\":{\"@id\":\"https:\/\/beile.fr\/#website\"},\"datePublished\":\"2022-10-11T07:35:23+00:00\",\"dateModified\":\"2023-05-26T08:50:05+00:00\",\"description\":\"Avis des clients Beile sur leur exp\u00e9rience, l'achat et vente de bande dessin\u00e9s et particuli\u00e8rement Tintin et son auteur Herg\u00e9.\",\"inLanguage\":\"en-GB\",\"potentialAction\":[{\"@type\":\"ReadAction\",\"target\":[\"https:\/\/beile.fr\/avis-clients\/\"]}]},{\"@type\":\"WebSite\",\"@id\":\"https:\/\/beile.fr\/#website\",\"url\":\"https:\/\/beile.fr\/\",\"name\":\"Beile\",\"description\":\"Vente oeuvres d&#039;arts et BD\",\"publisher\":{\"@id\":\"https:\/\/beile.fr\/#organization\"},\"potentialAction\":[{\"@type\":\"SearchAction\",\"target\":{\"@type\":\"EntryPoint\",\"urlTemplate\":\"https:\/\/beile.fr\/?s={search_term_string}\"},\"query-input\":{\"@type\":\"PropertyValueSpecification\",\"valueRequired\":true,\"valueName\":\"search_term_string\"}}],\"inLanguage\":\"en-GB\"},{\"@type\":\"Organization\",\"@id\":\"https:\/\/beile.fr\/#organization\",\"name\":\"Beile\",\"url\":\"https:\/\/beile.fr\/\",\"logo\":{\"@type\":\"ImageObject\",\"inLanguage\":\"en-GB\",\"@id\":\"https:\/\/beile.fr\/#\/schema\/logo\/image\/\",\"url\":\"https:\/\/beile.fr\/wp-content\/uploads\/2024\/01\/cropped-cropped-et.jpg\",\"contentUrl\":\"https:\/\/beile.fr\/wp-content\/uploads\/2024\/01\/cropped-cropped-et.jpg\",\"width\":1802,\"height\":1045,\"caption\":\"Beile\"},\"image\":{\"@id\":\"https:\/\/beile.fr\/#\/schema\/logo\/image\/\"}}]}<\/script>\n<!-- \/ Yoast SEO plugin. -->","yoast_head_json":{"title":"Customers' reviews - Beile","description":"Beile customers' opinions on their experience, buying and selling comics and particularly Tintin and its author Herg\u00e9.","robots":{"index":"index","follow":"follow","max-snippet":"max-snippet:-1","max-image-preview":"max-image-preview:large","max-video-preview":"max-video-preview:-1"},"canonical":"https:\/\/beile.fr\/en\/customers-reviews\/","og_locale":"en_GB","og_type":"article","og_title":"Avis des clients - Beile","og_description":"Avis des clients Beile sur leur exp\u00e9rience, l'achat et vente de bande dessin\u00e9s et particuli\u00e8rement Tintin et son auteur Herg\u00e9.","og_url":"https:\/\/beile.fr\/en\/customers-reviews\/","og_site_name":"Beile","article_modified_time":"2023-05-26T08:50:05+00:00","twitter_card":"summary_large_image","schema":{"@context":"https:\/\/schema.org","@graph":[{"@type":"WebPage","@id":"https:\/\/beile.fr\/avis-clients\/","url":"https:\/\/beile.fr\/avis-clients\/","name":"Customers' reviews - Beile","isPartOf":{"@id":"https:\/\/beile.fr\/#website"},"datePublished":"2022-10-11T07:35:23+00:00","dateModified":"2023-05-26T08:50:05+00:00","description":"Beile customers' opinions on their experience, buying and selling comics and particularly Tintin and its author Herg\u00e9.","inLanguage":"en-GB","potentialAction":[{"@type":"ReadAction","target":["https:\/\/beile.fr\/avis-clients\/"]}]},{"@type":"WebSite","@id":"https:\/\/beile.fr\/#website","url":"https:\/\/beile.fr\/","name":"Beile","description":"Sale of artwork and comics","publisher":{"@id":"https:\/\/beile.fr\/#organization"},"potentialAction":[{"@type":"SearchAction","target":{"@type":"EntryPoint","urlTemplate":"https:\/\/beile.fr\/?s={search_term_string}"},"query-input":{"@type":"PropertyValueSpecification","valueRequired":true,"valueName":"search_term_string"}}],"inLanguage":"en-GB"},{"@type":"Organization","@id":"https:\/\/beile.fr\/#organization","name":"Beile","url":"https:\/\/beile.fr\/","logo":{"@type":"ImageObject","inLanguage":"en-GB","@id":"https:\/\/beile.fr\/#\/schema\/logo\/image\/","url":"https:\/\/beile.fr\/wp-content\/uploads\/2024\/01\/cropped-cropped-et.jpg","contentUrl":"https:\/\/beile.fr\/wp-content\/uploads\/2024\/01\/cropped-cropped-et.jpg","width":1802,"height":1045,"caption":"Beile"},"image":{"@id":"https:\/\/beile.fr\/#\/schema\/logo\/image\/"}}]}},"jetpack_sharing_enabled":true,"publishpress_future_action":{"enabled":false,"date":"2026-05-06 07:22:18","action":"change-status","newStatus":"trash","terms":[],"taxonomy":"","extraData":[]},"publishpress_future_workflow_manual_trigger":{"enabledWorkflows":[]},"_links":{"self":[{"href":"https:\/\/beile.fr\/en\/wp-json\/wp\/v2\/pages\/55","targetHints":{"allow":["GET"]}}],"collection":[{"href":"https:\/\/beile.fr\/en\/wp-json\/wp\/v2\/pages"}],"about":[{"href":"https:\/\/beile.fr\/en\/wp-json\/wp\/v2\/types\/page"}],"author":[{"embeddable":true,"href":"https:\/\/beile.fr\/en\/wp-json\/wp\/v2\/users\/3"}],"replies":[{"embeddable":true,"href":"https:\/\/beile.fr\/en\/wp-json\/wp\/v2\/comments?post=55"}],"version-history":[{"count":131,"href":"https:\/\/beile.fr\/en\/wp-json\/wp\/v2\/pages\/55\/revisions"}],"predecessor-version":[{"id":12170,"href":"https:\/\/beile.fr\/en\/wp-json\/wp\/v2\/pages\/55\/revisions\/12170"}],"wp:attachment":[{"href":"https:\/\/beile.fr\/en\/wp-json\/wp\/v2\/media?parent=55"}],"curies":[{"name":"wp","href":"https:\/\/api.w.org\/{rel}","templated":true}]}}