{"id":14803,"date":"2022-02-15T11:26:32","date_gmt":"2022-02-15T10:26:32","guid":{"rendered":"https:\/\/beile.fr\/produit\/quick-et-flupke-3\/"},"modified":"2023-05-10T13:09:10","modified_gmt":"2023-05-10T12:09:10","slug":"quick-and-flupke-3-2","status":"publish","type":"product","link":"https:\/\/beile.fr\/en\/product-2\/quick-and-flupke-3-2\/","title":{"rendered":"Quick and Flupke"},"content":{"rendered":"<p>Sublime original edition of the 6th series of 1954, red back, 4th side B9, Printed in Belgium.\nThe sides are very bright with deep colors.<\/p>\n<p>The red back is perfectly regular, close to new.<br \/>\nThe red back is perfectly regular, close to new.<br \/>\nThe caps are perfect, infinitely compressed.<br \/>\nThe corners are sharp.<br \/>\nThe slices are perfect.<br \/>\nThe notebook is perfectly welded.<br \/>\nLes pages int\u00e9rieures sont proches du neuf d&rsquo;imprimerie, bien blanches.<\/p>\n<p>Very fresh copy, close to the new state.<\/p>\n<p>15.02.2022<\/p>\n<p>Sold. 330.20.<\/p>","protected":false},"excerpt":{"rendered":"<p>Sublime original edition of the 6th series of 1954, red back, 4th side B9, Printed in Belgium.\nThe sides are very bright with deep colors.<\/p>","protected":false},"featured_media":11914,"template":"","meta":{"site-sidebar-layout":"default","site-content-layout":"default","ast-site-content-layout":"default","site-content-style":"default","site-sidebar-style":"default","ast-global-header-display":"","ast-banner-title-visibility":"","ast-main-header-display":"","ast-hfb-above-header-display":"","ast-hfb-below-header-display":"","ast-hfb-mobile-header-display":"","site-post-title":"","ast-breadcrumbs-content":"","ast-featured-img":"","footer-sml-layout":"","ast-disable-related-posts":"","theme-transparent-header-meta":"default","adv-header-id-meta":"","stick-header-meta":"","header-above-stick-meta":"","header-main-stick-meta":"","header-below-stick-meta":"","astra-migrate-meta-layouts":"default","ast-page-background-enabled":"default","ast-page-background-meta":{"desktop":{"background-color":"var(--ast-global-color-4)","background-image":"","background-repeat":"repeat","background-position":"center center","background-size":"auto","background-attachment":"scroll","background-type":"","background-media":"","overlay-type":"","overlay-color":"","overlay-opacity":"","overlay-gradient":""},"tablet":{"background-color":"","background-image":"","background-repeat":"repeat","background-position":"center center","background-size":"auto","background-attachment":"scroll","background-type":"","background-media":"","overlay-type":"","overlay-color":"","overlay-opacity":"","overlay-gradient":""},"mobile":{"background-color":"","background-image":"","background-repeat":"repeat","background-position":"center center","background-size":"auto","background-attachment":"scroll","background-type":"","background-media":"","overlay-type":"","overlay-color":"","overlay-opacity":"","overlay-gradient":""}},"ast-content-background-meta":{"desktop":{"background-color":"var(--ast-global-color-5)","background-image":"","background-repeat":"repeat","background-position":"center center","background-size":"auto","background-attachment":"scroll","background-type":"","background-media":"","overlay-type":"","overlay-color":"","overlay-opacity":"","overlay-gradient":""},"tablet":{"background-color":"var(--ast-global-color-5)","background-image":"","background-repeat":"repeat","background-position":"center center","background-size":"auto","background-attachment":"scroll","background-type":"","background-media":"","overlay-type":"","overlay-color":"","overlay-opacity":"","overlay-gradient":""},"mobile":{"background-color":"var(--ast-global-color-5)","background-image":"","background-repeat":"repeat","background-position":"center center","background-size":"auto","background-attachment":"scroll","background-type":"","background-media":"","overlay-type":"","overlay-color":"","overlay-opacity":"","overlay-gradient":""}}},"product_brand":[],"product_cat":[15],"product_tag":[],"class_list":{"0":"post-14803","1":"product","2":"type-product","3":"status-publish","4":"has-post-thumbnail","6":"product_cat-resultats","7":"desktop-align-center","8":"tablet-align-left","9":"mobile-align-left","11":"first","12":"outofstock","13":"taxable","14":"shipping-taxable","15":"purchasable","16":"product-type-simple"},"yoast_head":"<!-- This site is optimized with the Yoast SEO plugin v27.2 - https:\/\/yoast.com\/product\/yoast-seo-wordpress\/ -->\n<title>Quick et Flupke - Beile<\/title>\n<meta name=\"robots\" content=\"index, follow, max-snippet:-1, max-image-preview:large, max-video-preview:-1\" \/>\n<link rel=\"canonical\" href=\"https:\/\/beile.fr\/en\/product-2\/quick-and-flupke-3-2\/\" \/>\n<meta property=\"og:locale\" content=\"en_GB\" \/>\n<meta property=\"og:type\" content=\"article\" \/>\n<meta property=\"og:title\" content=\"Quick et Flupke - Beile\" \/>\n<meta property=\"og:description\" content=\"Sublime Edition Original des Exploits de Quick et Flupke 6e s\u00e9rie de 1954, Dos rouge, 4\u00e9me plat B9, Imprim\u00e9 en Belgique.\" \/>\n<meta property=\"og:url\" content=\"https:\/\/beile.fr\/en\/product-2\/quick-and-flupke-3-2\/\" \/>\n<meta property=\"og:site_name\" content=\"Beile\" \/>\n<meta property=\"article:modified_time\" content=\"2023-05-10T12:09:10+00:00\" \/>\n<meta property=\"og:image\" content=\"https:\/\/beile.fr\/wp-content\/uploads\/2023\/03\/A-21.jpeg\" \/>\n\t<meta property=\"og:image:width\" content=\"1507\" \/>\n\t<meta property=\"og:image:height\" content=\"2000\" \/>\n\t<meta property=\"og:image:type\" content=\"image\/jpeg\" \/>\n<meta name=\"twitter:card\" content=\"summary_large_image\" \/>\n<meta name=\"twitter:label1\" content=\"Estimated reading time\" \/>\n\t<meta name=\"twitter:data1\" content=\"1 minute\" \/>\n<script type=\"application\/ld+json\" class=\"yoast-schema-graph\">{\"@context\":\"https:\/\/schema.org\",\"@graph\":[{\"@type\":\"WebPage\",\"@id\":\"https:\/\/beile.fr\/produit\/quick-et-flupke-3\/\",\"url\":\"https:\/\/beile.fr\/produit\/quick-et-flupke-3\/\",\"name\":\"Quick et Flupke - Beile\",\"isPartOf\":{\"@id\":\"https:\/\/beile.fr\/#website\"},\"primaryImageOfPage\":{\"@id\":\"https:\/\/beile.fr\/produit\/quick-et-flupke-3\/#primaryimage\"},\"image\":{\"@id\":\"https:\/\/beile.fr\/produit\/quick-et-flupke-3\/#primaryimage\"},\"thumbnailUrl\":\"https:\/\/beile.fr\/wp-content\/uploads\/2023\/03\/A-21.jpeg\",\"datePublished\":\"2022-02-15T10:26:32+00:00\",\"dateModified\":\"2023-05-10T12:09:10+00:00\",\"breadcrumb\":{\"@id\":\"https:\/\/beile.fr\/produit\/quick-et-flupke-3\/#breadcrumb\"},\"inLanguage\":\"en-GB\",\"potentialAction\":[{\"@type\":\"ReadAction\",\"target\":[\"https:\/\/beile.fr\/produit\/quick-et-flupke-3\/\"]}]},{\"@type\":\"ImageObject\",\"inLanguage\":\"en-GB\",\"@id\":\"https:\/\/beile.fr\/produit\/quick-et-flupke-3\/#primaryimage\",\"url\":\"https:\/\/beile.fr\/wp-content\/uploads\/2023\/03\/A-21.jpeg\",\"contentUrl\":\"https:\/\/beile.fr\/wp-content\/uploads\/2023\/03\/A-21.jpeg\",\"width\":1507,\"height\":2000},{\"@type\":\"BreadcrumbList\",\"@id\":\"https:\/\/beile.fr\/produit\/quick-et-flupke-3\/#breadcrumb\",\"itemListElement\":[{\"@type\":\"ListItem\",\"position\":1,\"name\":\"Produits\",\"item\":\"https:\/\/beile.fr\/boutique\/\"},{\"@type\":\"ListItem\",\"position\":2,\"name\":\"Quick et Flupke\"}]},{\"@type\":\"WebSite\",\"@id\":\"https:\/\/beile.fr\/#website\",\"url\":\"https:\/\/beile.fr\/\",\"name\":\"Beile\",\"description\":\"Vente oeuvres d&#039;arts et BD\",\"publisher\":{\"@id\":\"https:\/\/beile.fr\/#organization\"},\"potentialAction\":[{\"@type\":\"SearchAction\",\"target\":{\"@type\":\"EntryPoint\",\"urlTemplate\":\"https:\/\/beile.fr\/?s={search_term_string}\"},\"query-input\":{\"@type\":\"PropertyValueSpecification\",\"valueRequired\":true,\"valueName\":\"search_term_string\"}}],\"inLanguage\":\"en-GB\"},{\"@type\":\"Organization\",\"@id\":\"https:\/\/beile.fr\/#organization\",\"name\":\"Beile\",\"url\":\"https:\/\/beile.fr\/\",\"logo\":{\"@type\":\"ImageObject\",\"inLanguage\":\"en-GB\",\"@id\":\"https:\/\/beile.fr\/#\/schema\/logo\/image\/\",\"url\":\"https:\/\/beile.fr\/wp-content\/uploads\/2024\/01\/cropped-cropped-et.jpg\",\"contentUrl\":\"https:\/\/beile.fr\/wp-content\/uploads\/2024\/01\/cropped-cropped-et.jpg\",\"width\":1802,\"height\":1045,\"caption\":\"Beile\"},\"image\":{\"@id\":\"https:\/\/beile.fr\/#\/schema\/logo\/image\/\"}}]}<\/script>\n<!-- \/ Yoast SEO plugin. -->","yoast_head_json":{"title":"Quick and Flupke - Beile","robots":{"index":"index","follow":"follow","max-snippet":"max-snippet:-1","max-image-preview":"max-image-preview:large","max-video-preview":"max-video-preview:-1"},"canonical":"https:\/\/beile.fr\/en\/product-2\/quick-and-flupke-3-2\/","og_locale":"en_GB","og_type":"article","og_title":"Quick et Flupke - Beile","og_description":"Sublime Edition Original des Exploits de Quick et Flupke 6e s\u00e9rie de 1954, Dos rouge, 4\u00e9me plat B9, Imprim\u00e9 en Belgique.","og_url":"https:\/\/beile.fr\/en\/product-2\/quick-and-flupke-3-2\/","og_site_name":"Beile","article_modified_time":"2023-05-10T12:09:10+00:00","og_image":[{"width":1507,"height":2000,"url":"https:\/\/beile.fr\/wp-content\/uploads\/2023\/03\/A-21.jpeg","type":"image\/jpeg"}],"twitter_card":"summary_large_image","twitter_misc":{"Estimated reading time":"1 minute"},"schema":{"@context":"https:\/\/schema.org","@graph":[{"@type":"WebPage","@id":"https:\/\/beile.fr\/produit\/quick-et-flupke-3\/","url":"https:\/\/beile.fr\/produit\/quick-et-flupke-3\/","name":"Quick and Flupke - Beile","isPartOf":{"@id":"https:\/\/beile.fr\/#website"},"primaryImageOfPage":{"@id":"https:\/\/beile.fr\/produit\/quick-et-flupke-3\/#primaryimage"},"image":{"@id":"https:\/\/beile.fr\/produit\/quick-et-flupke-3\/#primaryimage"},"thumbnailUrl":"https:\/\/beile.fr\/wp-content\/uploads\/2023\/03\/A-21.jpeg","datePublished":"2022-02-15T10:26:32+00:00","dateModified":"2023-05-10T12:09:10+00:00","breadcrumb":{"@id":"https:\/\/beile.fr\/produit\/quick-et-flupke-3\/#breadcrumb"},"inLanguage":"en-GB","potentialAction":[{"@type":"ReadAction","target":["https:\/\/beile.fr\/produit\/quick-et-flupke-3\/"]}]},{"@type":"ImageObject","inLanguage":"en-GB","@id":"https:\/\/beile.fr\/produit\/quick-et-flupke-3\/#primaryimage","url":"https:\/\/beile.fr\/wp-content\/uploads\/2023\/03\/A-21.jpeg","contentUrl":"https:\/\/beile.fr\/wp-content\/uploads\/2023\/03\/A-21.jpeg","width":1507,"height":2000},{"@type":"BreadcrumbList","@id":"https:\/\/beile.fr\/produit\/quick-et-flupke-3\/#breadcrumb","itemListElement":[{"@type":"ListItem","position":1,"name":"Produits","item":"https:\/\/beile.fr\/boutique\/"},{"@type":"ListItem","position":2,"name":"Quick et Flupke"}]},{"@type":"WebSite","@id":"https:\/\/beile.fr\/#website","url":"https:\/\/beile.fr\/","name":"Beile","description":"Sale of artwork and comics","publisher":{"@id":"https:\/\/beile.fr\/#organization"},"potentialAction":[{"@type":"SearchAction","target":{"@type":"EntryPoint","urlTemplate":"https:\/\/beile.fr\/?s={search_term_string}"},"query-input":{"@type":"PropertyValueSpecification","valueRequired":true,"valueName":"search_term_string"}}],"inLanguage":"en-GB"},{"@type":"Organization","@id":"https:\/\/beile.fr\/#organization","name":"Beile","url":"https:\/\/beile.fr\/","logo":{"@type":"ImageObject","inLanguage":"en-GB","@id":"https:\/\/beile.fr\/#\/schema\/logo\/image\/","url":"https:\/\/beile.fr\/wp-content\/uploads\/2024\/01\/cropped-cropped-et.jpg","contentUrl":"https:\/\/beile.fr\/wp-content\/uploads\/2024\/01\/cropped-cropped-et.jpg","width":1802,"height":1045,"caption":"Beile"},"image":{"@id":"https:\/\/beile.fr\/#\/schema\/logo\/image\/"}}]}},"jetpack_sharing_enabled":true,"publishpress_future_action":{"enabled":false,"date":"2026-05-24 01:10:48","action":"change-status","newStatus":"trash","terms":[],"taxonomy":"product_brand","extraData":[]},"publishpress_future_workflow_manual_trigger":{"enabledWorkflows":[]},"_links":{"self":[{"href":"https:\/\/beile.fr\/en\/wp-json\/wp\/v2\/product\/14803","targetHints":{"allow":["GET"]}}],"collection":[{"href":"https:\/\/beile.fr\/en\/wp-json\/wp\/v2\/product"}],"about":[{"href":"https:\/\/beile.fr\/en\/wp-json\/wp\/v2\/types\/product"}],"version-history":[{"count":1,"href":"https:\/\/beile.fr\/en\/wp-json\/wp\/v2\/product\/14803\/revisions"}],"predecessor-version":[{"id":15175,"href":"https:\/\/beile.fr\/en\/wp-json\/wp\/v2\/product\/14803\/revisions\/15175"}],"wp:featuredmedia":[{"embeddable":true,"href":"https:\/\/beile.fr\/en\/wp-json\/wp\/v2\/media\/11914"}],"wp:attachment":[{"href":"https:\/\/beile.fr\/en\/wp-json\/wp\/v2\/media?parent=14803"}],"wp:term":[{"taxonomy":"product_brand","embeddable":true,"href":"https:\/\/beile.fr\/en\/wp-json\/wp\/v2\/product_brand?post=14803"},{"taxonomy":"product_cat","embeddable":true,"href":"https:\/\/beile.fr\/en\/wp-json\/wp\/v2\/product_cat?post=14803"},{"taxonomy":"product_tag","embeddable":true,"href":"https:\/\/beile.fr\/en\/wp-json\/wp\/v2\/product_tag?post=14803"}],"curies":[{"name":"wp","href":"https:\/\/api.w.org\/{rel}","templated":true}]}}