{"id":17485,"date":"2023-06-30T19:00:56","date_gmt":"2023-06-30T17:00:56","guid":{"rendered":"https:\/\/beile.fr\/?post_type=product&#038;p=17485"},"modified":"2023-11-15T17:57:32","modified_gmt":"2023-11-15T15:57:32","slug":"tintin-in-tibet-2","status":"publish","type":"product","link":"https:\/\/beile.fr\/en\/product-2\/tintin-in-tibet-2\/","title":{"rendered":"Tintin in Tibet"},"content":{"rendered":"<div data-elementor-type=\"wp-post\" data-elementor-id=\"17485\" class=\"elementor elementor-17485\">\n\t\t\t\t\t\t<section class=\"elementor-section elementor-top-section elementor-element elementor-element-778b3633 elementor-section-boxed elementor-section-height-default elementor-section-height-default wpr-particle-no wpr-jarallax-no wpr-parallax-no wpr-sticky-section-no\" data-id=\"778b3633\" data-element_type=\"section\" data-e-type=\"section\">\n\t\t\t\t\t\t<div class=\"elementor-container elementor-column-gap-default\">\n\t\t\t\t\t<div class=\"elementor-column elementor-col-100 elementor-top-column elementor-element elementor-element-5669d0a6\" data-id=\"5669d0a6\" data-element_type=\"column\" data-e-type=\"column\">\n\t\t\t<div class=\"elementor-widget-wrap elementor-element-populated\">\n\t\t\t\t\t\t<div class=\"elementor-element elementor-element-35ce4659 elementor-widget elementor-widget-text-editor\" data-id=\"35ce4659\" data-element_type=\"widget\" data-e-type=\"widget\" data-widget_type=\"text-editor.default\">\n\t\t\t\t<div class=\"elementor-widget-container\">\n\t\t\t\t\t\t\t\t\t<p>French reissue of Tintin in Tibet from the 2nd quarter 1962, 4th dish B31, Red back, light blue cover page, Bobigny printing press no. 843.<\/p><p>The sides are bright, very close to the new state.<br \/>The snow of the first side is white and the medallion perfectly red.<br \/>The corners are sharp, close to the new.<br \/>The red back is perfectly regular.<br \/>The headpieces are well rounded and subtly rubbed.<br \/>The notebook is perfectly welded without lag, new.<br \/>The cover pages are perfect.<br \/>The inside pages are very white, very close to the new.<\/p><p>Very rare copy and more sought after than an Original Edition.<\/p><p>Album unrestored and close to mint condition!<\/p>\t\t\t\t\t\t\t\t<\/div>\n\t\t\t\t<\/div>\n\t\t\t\t\t<\/div>\n\t\t<\/div>\n\t\t\t\t\t<\/div>\n\t\t<\/section>\n\t\t\t\t<\/div>","protected":false},"excerpt":{"rendered":"<p>French reissue of Tintin in Tibet from the 2nd quarter 1962, 4th dish B31, Red back, light blue cover page, Bobigny printing press no. 843.<\/p>","protected":false},"featured_media":17405,"template":"","meta":{"site-sidebar-layout":"default","site-content-layout":"default","ast-site-content-layout":"default","site-content-style":"default","site-sidebar-style":"default","ast-global-header-display":"","ast-banner-title-visibility":"","ast-main-header-display":"","ast-hfb-above-header-display":"","ast-hfb-below-header-display":"","ast-hfb-mobile-header-display":"","site-post-title":"","ast-breadcrumbs-content":"","ast-featured-img":"","footer-sml-layout":"","ast-disable-related-posts":"","theme-transparent-header-meta":"default","adv-header-id-meta":"","stick-header-meta":"","header-above-stick-meta":"","header-main-stick-meta":"","header-below-stick-meta":"","astra-migrate-meta-layouts":"default","ast-page-background-enabled":"default","ast-page-background-meta":{"desktop":{"background-color":"var(--ast-global-color-4)","background-image":"","background-repeat":"repeat","background-position":"center center","background-size":"auto","background-attachment":"scroll","background-type":"","background-media":"","overlay-type":"","overlay-color":"","overlay-opacity":"","overlay-gradient":""},"tablet":{"background-color":"","background-image":"","background-repeat":"repeat","background-position":"center center","background-size":"auto","background-attachment":"scroll","background-type":"","background-media":"","overlay-type":"","overlay-color":"","overlay-opacity":"","overlay-gradient":""},"mobile":{"background-color":"","background-image":"","background-repeat":"repeat","background-position":"center center","background-size":"auto","background-attachment":"scroll","background-type":"","background-media":"","overlay-type":"","overlay-color":"","overlay-opacity":"","overlay-gradient":""}},"ast-content-background-meta":{"desktop":{"background-color":"var(--ast-global-color-5)","background-image":"","background-repeat":"repeat","background-position":"center center","background-size":"auto","background-attachment":"scroll","background-type":"","background-media":"","overlay-type":"","overlay-color":"","overlay-opacity":"","overlay-gradient":""},"tablet":{"background-color":"var(--ast-global-color-5)","background-image":"","background-repeat":"repeat","background-position":"center center","background-size":"auto","background-attachment":"scroll","background-type":"","background-media":"","overlay-type":"","overlay-color":"","overlay-opacity":"","overlay-gradient":""},"mobile":{"background-color":"var(--ast-global-color-5)","background-image":"","background-repeat":"repeat","background-position":"center center","background-size":"auto","background-attachment":"scroll","background-type":"","background-media":"","overlay-type":"","overlay-color":"","overlay-opacity":"","overlay-gradient":""}}},"product_brand":[],"product_cat":[15],"product_tag":[],"class_list":{"0":"post-17485","1":"product","2":"type-product","3":"status-publish","4":"has-post-thumbnail","6":"product_cat-resultats","7":"desktop-align-center","8":"tablet-align-left","9":"mobile-align-left","11":"first","12":"outofstock","13":"taxable","14":"shipping-taxable","15":"product-type-simple"},"yoast_head":"<!-- This site is optimized with the Yoast SEO plugin v27.2 - https:\/\/yoast.com\/product\/yoast-seo-wordpress\/ -->\n<title>Tintin au Tibet - Beile<\/title>\n<meta name=\"description\" content=\"R\u00e9\u00e9dition Fran\u00e7aise de Tintin au Tibet du 2\u00e8me trimestre 1962, 4\u00e8me plat B31, dos Rouge, page de garde bleu claire, Imprimerie Bobigny n\u00b0 843.\" \/>\n<meta name=\"robots\" content=\"index, follow, max-snippet:-1, max-image-preview:large, max-video-preview:-1\" \/>\n<link rel=\"canonical\" href=\"https:\/\/beile.fr\/en\/product-2\/tintin-in-tibet-2\/\" \/>\n<meta property=\"og:locale\" content=\"en_GB\" \/>\n<meta property=\"og:type\" content=\"article\" \/>\n<meta property=\"og:title\" content=\"Tintin au Tibet - Beile\" \/>\n<meta property=\"og:description\" content=\"R\u00e9\u00e9dition Fran\u00e7aise de Tintin au Tibet du 2\u00e8me trimestre 1962, 4\u00e8me plat B31, dos Rouge, page de garde bleu claire, Imprimerie Bobigny n\u00b0 843.\" \/>\n<meta property=\"og:url\" content=\"https:\/\/beile.fr\/en\/product-2\/tintin-in-tibet-2\/\" \/>\n<meta property=\"og:site_name\" content=\"Beile\" \/>\n<meta property=\"article:modified_time\" content=\"2023-11-15T15:57:32+00:00\" \/>\n<meta property=\"og:image\" content=\"https:\/\/beile.fr\/wp-content\/uploads\/2023\/06\/1-14-scaled.jpg\" \/>\n\t<meta property=\"og:image:width\" content=\"1929\" \/>\n\t<meta property=\"og:image:height\" content=\"2560\" \/>\n\t<meta property=\"og:image:type\" content=\"image\/jpeg\" \/>\n<meta name=\"twitter:card\" content=\"summary_large_image\" \/>\n<meta name=\"twitter:label1\" content=\"Estimated reading time\" \/>\n\t<meta name=\"twitter:data1\" content=\"1 minute\" \/>\n<script type=\"application\/ld+json\" class=\"yoast-schema-graph\">{\"@context\":\"https:\/\/schema.org\",\"@graph\":[{\"@type\":\"WebPage\",\"@id\":\"https:\/\/beile.fr\/produit\/tintin-au-tibet-6\/\",\"url\":\"https:\/\/beile.fr\/produit\/tintin-au-tibet-6\/\",\"name\":\"Tintin au Tibet - Beile\",\"isPartOf\":{\"@id\":\"https:\/\/beile.fr\/#website\"},\"primaryImageOfPage\":{\"@id\":\"https:\/\/beile.fr\/produit\/tintin-au-tibet-6\/#primaryimage\"},\"image\":{\"@id\":\"https:\/\/beile.fr\/produit\/tintin-au-tibet-6\/#primaryimage\"},\"thumbnailUrl\":\"https:\/\/beile.fr\/wp-content\/uploads\/2023\/06\/1-14-scaled.jpg\",\"datePublished\":\"2023-06-30T17:00:56+00:00\",\"dateModified\":\"2023-11-15T15:57:32+00:00\",\"description\":\"R\u00e9\u00e9dition Fran\u00e7aise de Tintin au Tibet du 2\u00e8me trimestre 1962, 4\u00e8me plat B31, dos Rouge, page de garde bleu claire, Imprimerie Bobigny n\u00b0 843.\",\"breadcrumb\":{\"@id\":\"https:\/\/beile.fr\/produit\/tintin-au-tibet-6\/#breadcrumb\"},\"inLanguage\":\"en-GB\",\"potentialAction\":[{\"@type\":\"ReadAction\",\"target\":[\"https:\/\/beile.fr\/produit\/tintin-au-tibet-6\/\"]}]},{\"@type\":\"ImageObject\",\"inLanguage\":\"en-GB\",\"@id\":\"https:\/\/beile.fr\/produit\/tintin-au-tibet-6\/#primaryimage\",\"url\":\"https:\/\/beile.fr\/wp-content\/uploads\/2023\/06\/1-14-scaled.jpg\",\"contentUrl\":\"https:\/\/beile.fr\/wp-content\/uploads\/2023\/06\/1-14-scaled.jpg\",\"width\":1929,\"height\":2560},{\"@type\":\"BreadcrumbList\",\"@id\":\"https:\/\/beile.fr\/produit\/tintin-au-tibet-6\/#breadcrumb\",\"itemListElement\":[{\"@type\":\"ListItem\",\"position\":1,\"name\":\"Produits\",\"item\":\"https:\/\/beile.fr\/boutique\/\"},{\"@type\":\"ListItem\",\"position\":2,\"name\":\"Tintin au Tibet\"}]},{\"@type\":\"WebSite\",\"@id\":\"https:\/\/beile.fr\/#website\",\"url\":\"https:\/\/beile.fr\/\",\"name\":\"Beile\",\"description\":\"Vente oeuvres d&#039;arts et BD\",\"publisher\":{\"@id\":\"https:\/\/beile.fr\/#organization\"},\"potentialAction\":[{\"@type\":\"SearchAction\",\"target\":{\"@type\":\"EntryPoint\",\"urlTemplate\":\"https:\/\/beile.fr\/?s={search_term_string}\"},\"query-input\":{\"@type\":\"PropertyValueSpecification\",\"valueRequired\":true,\"valueName\":\"search_term_string\"}}],\"inLanguage\":\"en-GB\"},{\"@type\":\"Organization\",\"@id\":\"https:\/\/beile.fr\/#organization\",\"name\":\"Beile\",\"url\":\"https:\/\/beile.fr\/\",\"logo\":{\"@type\":\"ImageObject\",\"inLanguage\":\"en-GB\",\"@id\":\"https:\/\/beile.fr\/#\/schema\/logo\/image\/\",\"url\":\"https:\/\/beile.fr\/wp-content\/uploads\/2024\/01\/cropped-cropped-et.jpg\",\"contentUrl\":\"https:\/\/beile.fr\/wp-content\/uploads\/2024\/01\/cropped-cropped-et.jpg\",\"width\":1802,\"height\":1045,\"caption\":\"Beile\"},\"image\":{\"@id\":\"https:\/\/beile.fr\/#\/schema\/logo\/image\/\"}}]}<\/script>\n<!-- \/ Yoast SEO plugin. -->","yoast_head_json":{"title":"Tintin in Tibet - Beile","description":"French reissue of Tintin in Tibet from the 2nd quarter 1962, 4th dish B31, Red back, light blue cover page, Bobigny printing press no. 843.","robots":{"index":"index","follow":"follow","max-snippet":"max-snippet:-1","max-image-preview":"max-image-preview:large","max-video-preview":"max-video-preview:-1"},"canonical":"https:\/\/beile.fr\/en\/product-2\/tintin-in-tibet-2\/","og_locale":"en_GB","og_type":"article","og_title":"Tintin au Tibet - Beile","og_description":"R\u00e9\u00e9dition Fran\u00e7aise de Tintin au Tibet du 2\u00e8me trimestre 1962, 4\u00e8me plat B31, dos Rouge, page de garde bleu claire, Imprimerie Bobigny n\u00b0 843.","og_url":"https:\/\/beile.fr\/en\/product-2\/tintin-in-tibet-2\/","og_site_name":"Beile","article_modified_time":"2023-11-15T15:57:32+00:00","og_image":[{"width":1929,"height":2560,"url":"https:\/\/beile.fr\/wp-content\/uploads\/2023\/06\/1-14-scaled.jpg","type":"image\/jpeg"}],"twitter_card":"summary_large_image","twitter_misc":{"Estimated reading time":"1 minute"},"schema":{"@context":"https:\/\/schema.org","@graph":[{"@type":"WebPage","@id":"https:\/\/beile.fr\/produit\/tintin-au-tibet-6\/","url":"https:\/\/beile.fr\/produit\/tintin-au-tibet-6\/","name":"Tintin in Tibet - Beile","isPartOf":{"@id":"https:\/\/beile.fr\/#website"},"primaryImageOfPage":{"@id":"https:\/\/beile.fr\/produit\/tintin-au-tibet-6\/#primaryimage"},"image":{"@id":"https:\/\/beile.fr\/produit\/tintin-au-tibet-6\/#primaryimage"},"thumbnailUrl":"https:\/\/beile.fr\/wp-content\/uploads\/2023\/06\/1-14-scaled.jpg","datePublished":"2023-06-30T17:00:56+00:00","dateModified":"2023-11-15T15:57:32+00:00","description":"French reissue of Tintin in Tibet from the 2nd quarter 1962, 4th dish B31, Red back, light blue cover page, Bobigny printing press no. 843.","breadcrumb":{"@id":"https:\/\/beile.fr\/produit\/tintin-au-tibet-6\/#breadcrumb"},"inLanguage":"en-GB","potentialAction":[{"@type":"ReadAction","target":["https:\/\/beile.fr\/produit\/tintin-au-tibet-6\/"]}]},{"@type":"ImageObject","inLanguage":"en-GB","@id":"https:\/\/beile.fr\/produit\/tintin-au-tibet-6\/#primaryimage","url":"https:\/\/beile.fr\/wp-content\/uploads\/2023\/06\/1-14-scaled.jpg","contentUrl":"https:\/\/beile.fr\/wp-content\/uploads\/2023\/06\/1-14-scaled.jpg","width":1929,"height":2560},{"@type":"BreadcrumbList","@id":"https:\/\/beile.fr\/produit\/tintin-au-tibet-6\/#breadcrumb","itemListElement":[{"@type":"ListItem","position":1,"name":"Produits","item":"https:\/\/beile.fr\/boutique\/"},{"@type":"ListItem","position":2,"name":"Tintin au Tibet"}]},{"@type":"WebSite","@id":"https:\/\/beile.fr\/#website","url":"https:\/\/beile.fr\/","name":"Beile","description":"Sale of artwork and comics","publisher":{"@id":"https:\/\/beile.fr\/#organization"},"potentialAction":[{"@type":"SearchAction","target":{"@type":"EntryPoint","urlTemplate":"https:\/\/beile.fr\/?s={search_term_string}"},"query-input":{"@type":"PropertyValueSpecification","valueRequired":true,"valueName":"search_term_string"}}],"inLanguage":"en-GB"},{"@type":"Organization","@id":"https:\/\/beile.fr\/#organization","name":"Beile","url":"https:\/\/beile.fr\/","logo":{"@type":"ImageObject","inLanguage":"en-GB","@id":"https:\/\/beile.fr\/#\/schema\/logo\/image\/","url":"https:\/\/beile.fr\/wp-content\/uploads\/2024\/01\/cropped-cropped-et.jpg","contentUrl":"https:\/\/beile.fr\/wp-content\/uploads\/2024\/01\/cropped-cropped-et.jpg","width":1802,"height":1045,"caption":"Beile"},"image":{"@id":"https:\/\/beile.fr\/#\/schema\/logo\/image\/"}}]}},"jetpack_sharing_enabled":true,"publishpress_future_action":{"enabled":false,"date":"2026-05-06 08:14:26","action":"change-status","newStatus":"trash","terms":[],"taxonomy":"product_brand","extraData":[]},"publishpress_future_workflow_manual_trigger":{"enabledWorkflows":[]},"_links":{"self":[{"href":"https:\/\/beile.fr\/en\/wp-json\/wp\/v2\/product\/17485","targetHints":{"allow":["GET"]}}],"collection":[{"href":"https:\/\/beile.fr\/en\/wp-json\/wp\/v2\/product"}],"about":[{"href":"https:\/\/beile.fr\/en\/wp-json\/wp\/v2\/types\/product"}],"version-history":[{"count":10,"href":"https:\/\/beile.fr\/en\/wp-json\/wp\/v2\/product\/17485\/revisions"}],"predecessor-version":[{"id":17898,"href":"https:\/\/beile.fr\/en\/wp-json\/wp\/v2\/product\/17485\/revisions\/17898"}],"wp:featuredmedia":[{"embeddable":true,"href":"https:\/\/beile.fr\/en\/wp-json\/wp\/v2\/media\/17405"}],"wp:attachment":[{"href":"https:\/\/beile.fr\/en\/wp-json\/wp\/v2\/media?parent=17485"}],"wp:term":[{"taxonomy":"product_brand","embeddable":true,"href":"https:\/\/beile.fr\/en\/wp-json\/wp\/v2\/product_brand?post=17485"},{"taxonomy":"product_cat","embeddable":true,"href":"https:\/\/beile.fr\/en\/wp-json\/wp\/v2\/product_cat?post=17485"},{"taxonomy":"product_tag","embeddable":true,"href":"https:\/\/beile.fr\/en\/wp-json\/wp\/v2\/product_tag?post=17485"}],"curies":[{"name":"wp","href":"https:\/\/api.w.org\/{rel}","templated":true}]}}