{"id":18606,"date":"2023-11-30T19:21:41","date_gmt":"2023-11-30T17:21:41","guid":{"rendered":"https:\/\/beile.fr\/?post_type=product&#038;p=18606"},"modified":"2023-12-04T17:20:11","modified_gmt":"2023-12-04T15:20:11","slug":"tintin-in-the-land-of-the-soviets-2","status":"publish","type":"product","link":"https:\/\/beile.fr\/en\/product-2\/tintin-in-the-land-of-the-soviets-2\/","title":{"rendered":"Tintin in the Land of the Soviets"},"content":{"rendered":"<p>First Edition of Tintin au Pays des Soviet, 4th mile of 1930, blue cloth spine, neutral white 4th plate, Signed by Herg\u00e9 in 1969.<\/p>\n<p>A unique copy! Certainly the only Soviets known to have been signed by Herg\u00e9, apart from the first 500 copies and the 1969 enhanced reprints.<\/p>\n<p>The dedication is accompanied by a drawing of Tintin's head and mentions :<\/p>\n<p>\u00a0\"To Nathalie and No\u00eblle with congratulations and friendly thoughts from Herg\u00e9\".<\/p>\n<p>Dated 3 December 1969.<\/p>\n<p>The dedication has been authenticated by the Herg\u00e9 committee, and a certificate from the foundation bearing reference 2022\/207 accompanies this legendary edition.<\/p>\n<p>The boards are original but soiled and with some minor surface rubbing in places. The boards have not been cleaned.<\/p>\n<p>Old restorations are visible on the 4 corners as well as on the extremities of the headpieces, sometimes extending slightly over the boards. (Probably gouache).<\/p>\n<p>The headpieces are rubbed and seem to have been restored and\/or reinforced in the past. Apparently no colour retouching on headpieces or spine. The blue spine is original.<\/p>\n<p>The binding has been restored as the joint between the endpapers has broken. The original blue spine is glued to the binding and to the endpapers. (Spine hard throughout).<\/p>\n<p>On the 1st flyleaf, two newspaper articles have been pasted up, praising the success of Tintin's adventures with children and adults alike.<\/p>\n<p>The 1st flyleaf has been restored as tears appear to have been reattached. There is tape (1.5cm x 1.5cm) at the top centre of the 1st flyleaf and a partially erased handwritten Name. Tears also restored to bottom corner of 1st flyleaf.<\/p>\n<p>The inside pages are in very good condition. Freckling on the first 2 pages and later in the book on the last pages. (Oxidation of the paper). I noted about ten small tears at the bottom of the pages. Very few traces of reading.<\/p>\n<p>A legendary album with a beautiful handwritten dedication and a drawing by Herg\u00e9.<\/p>\n<p>Some old restorations were carried out at different times.<\/p>\n<p>A copy in good condition, which can be handled but is still very fragile!<\/p>\n<p><a href=\"https:\/\/beile.fr\/en\/tintin-in-the-land-of-the-soviets-has-long-been-the-grail-of-the-tintinophile\/\">Find out more here.<\/a><\/p>","protected":false},"excerpt":{"rendered":"<p>First Edition of Tintin au Pays des Soviet, 4th mile of 1930, blue cloth spine, neutral white 4th plate, Signed by Herg\u00e9 in 1969.<\/p>","protected":false},"featured_media":18607,"template":"","meta":{"site-sidebar-layout":"default","site-content-layout":"","ast-site-content-layout":"default","site-content-style":"default","site-sidebar-style":"default","ast-global-header-display":"","ast-banner-title-visibility":"","ast-main-header-display":"","ast-hfb-above-header-display":"","ast-hfb-below-header-display":"","ast-hfb-mobile-header-display":"","site-post-title":"","ast-breadcrumbs-content":"","ast-featured-img":"","footer-sml-layout":"","ast-disable-related-posts":"","theme-transparent-header-meta":"default","adv-header-id-meta":"","stick-header-meta":"","header-above-stick-meta":"","header-main-stick-meta":"","header-below-stick-meta":"","astra-migrate-meta-layouts":"set","ast-page-background-enabled":"default","ast-page-background-meta":{"desktop":{"background-color":"var(--ast-global-color-4)","background-image":"","background-repeat":"repeat","background-position":"center center","background-size":"auto","background-attachment":"scroll","background-type":"","background-media":"","overlay-type":"","overlay-color":"","overlay-opacity":"","overlay-gradient":""},"tablet":{"background-color":"","background-image":"","background-repeat":"repeat","background-position":"center center","background-size":"auto","background-attachment":"scroll","background-type":"","background-media":"","overlay-type":"","overlay-color":"","overlay-opacity":"","overlay-gradient":""},"mobile":{"background-color":"","background-image":"","background-repeat":"repeat","background-position":"center center","background-size":"auto","background-attachment":"scroll","background-type":"","background-media":"","overlay-type":"","overlay-color":"","overlay-opacity":"","overlay-gradient":""}},"ast-content-background-meta":{"desktop":{"background-color":"var(--ast-global-color-5)","background-image":"","background-repeat":"repeat","background-position":"center center","background-size":"auto","background-attachment":"scroll","background-type":"","background-media":"","overlay-type":"","overlay-color":"","overlay-opacity":"","overlay-gradient":""},"tablet":{"background-color":"var(--ast-global-color-5)","background-image":"","background-repeat":"repeat","background-position":"center center","background-size":"auto","background-attachment":"scroll","background-type":"","background-media":"","overlay-type":"","overlay-color":"","overlay-opacity":"","overlay-gradient":""},"mobile":{"background-color":"var(--ast-global-color-5)","background-image":"","background-repeat":"repeat","background-position":"center center","background-size":"auto","background-attachment":"scroll","background-type":"","background-media":"","overlay-type":"","overlay-color":"","overlay-opacity":"","overlay-gradient":""}}},"product_brand":[],"product_cat":[15],"product_tag":[],"class_list":{"0":"post-18606","1":"product","2":"type-product","3":"status-publish","4":"has-post-thumbnail","6":"product_cat-resultats","7":"desktop-align-center","8":"tablet-align-left","9":"mobile-align-left","11":"first","12":"outofstock","13":"taxable","14":"shipping-taxable","15":"product-type-simple"},"yoast_head":"<!-- This site is optimized with the Yoast SEO plugin v27.2 - https:\/\/yoast.com\/product\/yoast-seo-wordpress\/ -->\n<title>Tintin au Pays des Soviets - Beile<\/title>\n<meta name=\"description\" content=\"Edition Originale de Tintin au Pays des Soviet, 4\u00e8me mille de 1930, dos en tissu bleu, 4\u00e8me plat blanc et neutre,\u00a0D\u00e9dicac\u00e9 par Herg\u00e9 en 1969.\" \/>\n<meta name=\"robots\" content=\"index, follow, max-snippet:-1, max-image-preview:large, max-video-preview:-1\" \/>\n<link rel=\"canonical\" href=\"https:\/\/beile.fr\/en\/product-2\/tintin-in-the-land-of-the-soviets-2\/\" \/>\n<meta property=\"og:locale\" content=\"en_GB\" \/>\n<meta property=\"og:type\" content=\"article\" \/>\n<meta property=\"og:title\" content=\"Tintin au Pays des Soviets - Beile\" \/>\n<meta property=\"og:description\" content=\"Edition Originale de Tintin au Pays des Soviet, 4\u00e8me mille de 1930, dos en tissu bleu, 4\u00e8me plat blanc et neutre,\u00a0D\u00e9dicac\u00e9 par Herg\u00e9 en 1969.\" \/>\n<meta property=\"og:url\" content=\"https:\/\/beile.fr\/en\/product-2\/tintin-in-the-land-of-the-soviets-2\/\" \/>\n<meta property=\"og:site_name\" content=\"Beile\" \/>\n<meta property=\"article:modified_time\" content=\"2023-12-04T15:20:11+00:00\" \/>\n<meta property=\"og:image\" content=\"https:\/\/beile.fr\/wp-content\/uploads\/2023\/11\/1-9-scaled.jpg\" \/>\n\t<meta property=\"og:image:width\" content=\"1929\" \/>\n\t<meta property=\"og:image:height\" content=\"2560\" \/>\n\t<meta property=\"og:image:type\" content=\"image\/jpeg\" \/>\n<meta name=\"twitter:card\" content=\"summary_large_image\" \/>\n<meta name=\"twitter:label1\" content=\"Estimated reading time\" \/>\n\t<meta name=\"twitter:data1\" content=\"2 minutes\" \/>\n<script type=\"application\/ld+json\" class=\"yoast-schema-graph\">{\"@context\":\"https:\/\/schema.org\",\"@graph\":[{\"@type\":\"WebPage\",\"@id\":\"https:\/\/beile.fr\/produit\/tintin-au-pays-des-soviets-2\/\",\"url\":\"https:\/\/beile.fr\/produit\/tintin-au-pays-des-soviets-2\/\",\"name\":\"Tintin au Pays des Soviets - Beile\",\"isPartOf\":{\"@id\":\"https:\/\/beile.fr\/#website\"},\"primaryImageOfPage\":{\"@id\":\"https:\/\/beile.fr\/produit\/tintin-au-pays-des-soviets-2\/#primaryimage\"},\"image\":{\"@id\":\"https:\/\/beile.fr\/produit\/tintin-au-pays-des-soviets-2\/#primaryimage\"},\"thumbnailUrl\":\"https:\/\/beile.fr\/wp-content\/uploads\/2023\/11\/1-9-scaled.jpg\",\"datePublished\":\"2023-11-30T17:21:41+00:00\",\"dateModified\":\"2023-12-04T15:20:11+00:00\",\"description\":\"Edition Originale de Tintin au Pays des Soviet, 4\u00e8me mille de 1930, dos en tissu bleu, 4\u00e8me plat blanc et neutre,\u00a0D\u00e9dicac\u00e9 par Herg\u00e9 en 1969.\",\"breadcrumb\":{\"@id\":\"https:\/\/beile.fr\/produit\/tintin-au-pays-des-soviets-2\/#breadcrumb\"},\"inLanguage\":\"en-GB\",\"potentialAction\":[{\"@type\":\"ReadAction\",\"target\":[\"https:\/\/beile.fr\/produit\/tintin-au-pays-des-soviets-2\/\"]}]},{\"@type\":\"ImageObject\",\"inLanguage\":\"en-GB\",\"@id\":\"https:\/\/beile.fr\/produit\/tintin-au-pays-des-soviets-2\/#primaryimage\",\"url\":\"https:\/\/beile.fr\/wp-content\/uploads\/2023\/11\/1-9-scaled.jpg\",\"contentUrl\":\"https:\/\/beile.fr\/wp-content\/uploads\/2023\/11\/1-9-scaled.jpg\",\"width\":1929,\"height\":2560,\"caption\":\"Edition Originale de Tintin au Pays des Soviet, 4\u00e8me mille de 1930, dos en tissu bleu, 4\u00e8me plat blanc et neutre,\u00a0D\u00e9dicac\u00e9 par Herg\u00e9 en 1969.\"},{\"@type\":\"BreadcrumbList\",\"@id\":\"https:\/\/beile.fr\/produit\/tintin-au-pays-des-soviets-2\/#breadcrumb\",\"itemListElement\":[{\"@type\":\"ListItem\",\"position\":1,\"name\":\"Produits\",\"item\":\"https:\/\/beile.fr\/boutique\/\"},{\"@type\":\"ListItem\",\"position\":2,\"name\":\"Tintin au Pays des Soviets\"}]},{\"@type\":\"WebSite\",\"@id\":\"https:\/\/beile.fr\/#website\",\"url\":\"https:\/\/beile.fr\/\",\"name\":\"Beile\",\"description\":\"Vente oeuvres d&#039;arts et BD\",\"publisher\":{\"@id\":\"https:\/\/beile.fr\/#organization\"},\"potentialAction\":[{\"@type\":\"SearchAction\",\"target\":{\"@type\":\"EntryPoint\",\"urlTemplate\":\"https:\/\/beile.fr\/?s={search_term_string}\"},\"query-input\":{\"@type\":\"PropertyValueSpecification\",\"valueRequired\":true,\"valueName\":\"search_term_string\"}}],\"inLanguage\":\"en-GB\"},{\"@type\":\"Organization\",\"@id\":\"https:\/\/beile.fr\/#organization\",\"name\":\"Beile\",\"url\":\"https:\/\/beile.fr\/\",\"logo\":{\"@type\":\"ImageObject\",\"inLanguage\":\"en-GB\",\"@id\":\"https:\/\/beile.fr\/#\/schema\/logo\/image\/\",\"url\":\"https:\/\/beile.fr\/wp-content\/uploads\/2024\/01\/cropped-cropped-et.jpg\",\"contentUrl\":\"https:\/\/beile.fr\/wp-content\/uploads\/2024\/01\/cropped-cropped-et.jpg\",\"width\":1802,\"height\":1045,\"caption\":\"Beile\"},\"image\":{\"@id\":\"https:\/\/beile.fr\/#\/schema\/logo\/image\/\"}}]}<\/script>\n<!-- \/ Yoast SEO plugin. -->","yoast_head_json":{"title":"Tintin in the Land of the Soviets - Beile","description":"First Edition of Tintin au Pays des Soviet, 4th mile of 1930, blue cloth spine, neutral white 4th plate, Signed by Herg\u00e9 in 1969.","robots":{"index":"index","follow":"follow","max-snippet":"max-snippet:-1","max-image-preview":"max-image-preview:large","max-video-preview":"max-video-preview:-1"},"canonical":"https:\/\/beile.fr\/en\/product-2\/tintin-in-the-land-of-the-soviets-2\/","og_locale":"en_GB","og_type":"article","og_title":"Tintin au Pays des Soviets - Beile","og_description":"Edition Originale de Tintin au Pays des Soviet, 4\u00e8me mille de 1930, dos en tissu bleu, 4\u00e8me plat blanc et neutre,\u00a0D\u00e9dicac\u00e9 par Herg\u00e9 en 1969.","og_url":"https:\/\/beile.fr\/en\/product-2\/tintin-in-the-land-of-the-soviets-2\/","og_site_name":"Beile","article_modified_time":"2023-12-04T15:20:11+00:00","og_image":[{"width":1929,"height":2560,"url":"https:\/\/beile.fr\/wp-content\/uploads\/2023\/11\/1-9-scaled.jpg","type":"image\/jpeg"}],"twitter_card":"summary_large_image","twitter_misc":{"Estimated reading time":"2 minutes"},"schema":{"@context":"https:\/\/schema.org","@graph":[{"@type":"WebPage","@id":"https:\/\/beile.fr\/produit\/tintin-au-pays-des-soviets-2\/","url":"https:\/\/beile.fr\/produit\/tintin-au-pays-des-soviets-2\/","name":"Tintin in the Land of the Soviets - Beile","isPartOf":{"@id":"https:\/\/beile.fr\/#website"},"primaryImageOfPage":{"@id":"https:\/\/beile.fr\/produit\/tintin-au-pays-des-soviets-2\/#primaryimage"},"image":{"@id":"https:\/\/beile.fr\/produit\/tintin-au-pays-des-soviets-2\/#primaryimage"},"thumbnailUrl":"https:\/\/beile.fr\/wp-content\/uploads\/2023\/11\/1-9-scaled.jpg","datePublished":"2023-11-30T17:21:41+00:00","dateModified":"2023-12-04T15:20:11+00:00","description":"First Edition of Tintin au Pays des Soviet, 4th mile of 1930, blue cloth spine, neutral white 4th plate, Signed by Herg\u00e9 in 1969.","breadcrumb":{"@id":"https:\/\/beile.fr\/produit\/tintin-au-pays-des-soviets-2\/#breadcrumb"},"inLanguage":"en-GB","potentialAction":[{"@type":"ReadAction","target":["https:\/\/beile.fr\/produit\/tintin-au-pays-des-soviets-2\/"]}]},{"@type":"ImageObject","inLanguage":"en-GB","@id":"https:\/\/beile.fr\/produit\/tintin-au-pays-des-soviets-2\/#primaryimage","url":"https:\/\/beile.fr\/wp-content\/uploads\/2023\/11\/1-9-scaled.jpg","contentUrl":"https:\/\/beile.fr\/wp-content\/uploads\/2023\/11\/1-9-scaled.jpg","width":1929,"height":2560,"caption":"Edition Originale de Tintin au Pays des Soviet, 4\u00e8me mille de 1930, dos en tissu bleu, 4\u00e8me plat blanc et neutre,\u00a0D\u00e9dicac\u00e9 par Herg\u00e9 en 1969."},{"@type":"BreadcrumbList","@id":"https:\/\/beile.fr\/produit\/tintin-au-pays-des-soviets-2\/#breadcrumb","itemListElement":[{"@type":"ListItem","position":1,"name":"Produits","item":"https:\/\/beile.fr\/boutique\/"},{"@type":"ListItem","position":2,"name":"Tintin au Pays des Soviets"}]},{"@type":"WebSite","@id":"https:\/\/beile.fr\/#website","url":"https:\/\/beile.fr\/","name":"Beile","description":"Sale of artwork and comics","publisher":{"@id":"https:\/\/beile.fr\/#organization"},"potentialAction":[{"@type":"SearchAction","target":{"@type":"EntryPoint","urlTemplate":"https:\/\/beile.fr\/?s={search_term_string}"},"query-input":{"@type":"PropertyValueSpecification","valueRequired":true,"valueName":"search_term_string"}}],"inLanguage":"en-GB"},{"@type":"Organization","@id":"https:\/\/beile.fr\/#organization","name":"Beile","url":"https:\/\/beile.fr\/","logo":{"@type":"ImageObject","inLanguage":"en-GB","@id":"https:\/\/beile.fr\/#\/schema\/logo\/image\/","url":"https:\/\/beile.fr\/wp-content\/uploads\/2024\/01\/cropped-cropped-et.jpg","contentUrl":"https:\/\/beile.fr\/wp-content\/uploads\/2024\/01\/cropped-cropped-et.jpg","width":1802,"height":1045,"caption":"Beile"},"image":{"@id":"https:\/\/beile.fr\/#\/schema\/logo\/image\/"}}]}},"jetpack_sharing_enabled":true,"publishpress_future_action":{"enabled":false,"date":"2026-05-06 09:33:16","action":"change-status","newStatus":"trash","terms":[],"taxonomy":"product_brand","extraData":[]},"publishpress_future_workflow_manual_trigger":{"enabledWorkflows":[]},"_links":{"self":[{"href":"https:\/\/beile.fr\/en\/wp-json\/wp\/v2\/product\/18606","targetHints":{"allow":["GET"]}}],"collection":[{"href":"https:\/\/beile.fr\/en\/wp-json\/wp\/v2\/product"}],"about":[{"href":"https:\/\/beile.fr\/en\/wp-json\/wp\/v2\/types\/product"}],"version-history":[{"count":3,"href":"https:\/\/beile.fr\/en\/wp-json\/wp\/v2\/product\/18606\/revisions"}],"predecessor-version":[{"id":18782,"href":"https:\/\/beile.fr\/en\/wp-json\/wp\/v2\/product\/18606\/revisions\/18782"}],"wp:featuredmedia":[{"embeddable":true,"href":"https:\/\/beile.fr\/en\/wp-json\/wp\/v2\/media\/18607"}],"wp:attachment":[{"href":"https:\/\/beile.fr\/en\/wp-json\/wp\/v2\/media?parent=18606"}],"wp:term":[{"taxonomy":"product_brand","embeddable":true,"href":"https:\/\/beile.fr\/en\/wp-json\/wp\/v2\/product_brand?post=18606"},{"taxonomy":"product_cat","embeddable":true,"href":"https:\/\/beile.fr\/en\/wp-json\/wp\/v2\/product_cat?post=18606"},{"taxonomy":"product_tag","embeddable":true,"href":"https:\/\/beile.fr\/en\/wp-json\/wp\/v2\/product_tag?post=18606"}],"curies":[{"name":"wp","href":"https:\/\/api.w.org\/{rel}","templated":true}]}}