{"id":20169,"date":"2024-02-16T19:52:51","date_gmt":"2024-02-16T17:52:51","guid":{"rendered":"https:\/\/beile.fr\/?post_type=product&#038;p=20169"},"modified":"2024-02-17T19:25:49","modified_gmt":"2024-02-17T17:25:49","slug":"au-pays-de-lor-noir-5","status":"publish","type":"product","link":"https:\/\/beile.fr\/en\/product-2\/au-pays-de-lor-noir-5\/","title":{"rendered":"Land of Black Gold"},"content":{"rendered":"<p>R\u00e9\u00e9dition Au Pays de L&rsquo;Or Noir de 1953, 4\u00e8me plat B6, dos Jaune, Pages de garde bleu fonc\u00e9, Imprim\u00e9 en Belgique.<\/p>\n<p>The dishes are very bright and colourful.<br \/>\nThe corners are square, slightly rubbed.<br \/>\nThe headpieces are perfectly rounded and slightly rubbed.<br \/>\nThe corners are sharp, close to the new.<br \/>\nThe slices are perfect.<br \/>\nThe notebook is perfectly welded.<br \/>\nThe inside pages are close to new.<\/p>\n<p>A noter quelques subtiles restauration.<\/p>\n<p>A very fresh, near-new copy!<\/p>","protected":false},"excerpt":{"rendered":"<p>1953 Au Pays de L'Or Noir reissue, 4th B6 plate, Yellow spine, Light blue endpapers, Printed in Belgium. Near mint condition.<\/p>","protected":false},"featured_media":20170,"template":"","meta":{"site-sidebar-layout":"default","site-content-layout":"","ast-site-content-layout":"default","site-content-style":"default","site-sidebar-style":"default","ast-global-header-display":"","ast-banner-title-visibility":"","ast-main-header-display":"","ast-hfb-above-header-display":"","ast-hfb-below-header-display":"","ast-hfb-mobile-header-display":"","site-post-title":"","ast-breadcrumbs-content":"","ast-featured-img":"","footer-sml-layout":"","ast-disable-related-posts":"","theme-transparent-header-meta":"default","adv-header-id-meta":"","stick-header-meta":"","header-above-stick-meta":"","header-main-stick-meta":"","header-below-stick-meta":"","astra-migrate-meta-layouts":"set","ast-page-background-enabled":"default","ast-page-background-meta":{"desktop":{"background-color":"var(--ast-global-color-4)","background-image":"","background-repeat":"repeat","background-position":"center center","background-size":"auto","background-attachment":"scroll","background-type":"","background-media":"","overlay-type":"","overlay-color":"","overlay-opacity":"","overlay-gradient":""},"tablet":{"background-color":"","background-image":"","background-repeat":"repeat","background-position":"center center","background-size":"auto","background-attachment":"scroll","background-type":"","background-media":"","overlay-type":"","overlay-color":"","overlay-opacity":"","overlay-gradient":""},"mobile":{"background-color":"","background-image":"","background-repeat":"repeat","background-position":"center center","background-size":"auto","background-attachment":"scroll","background-type":"","background-media":"","overlay-type":"","overlay-color":"","overlay-opacity":"","overlay-gradient":""}},"ast-content-background-meta":{"desktop":{"background-color":"var(--ast-global-color-5)","background-image":"","background-repeat":"repeat","background-position":"center center","background-size":"auto","background-attachment":"scroll","background-type":"","background-media":"","overlay-type":"","overlay-color":"","overlay-opacity":"","overlay-gradient":""},"tablet":{"background-color":"var(--ast-global-color-5)","background-image":"","background-repeat":"repeat","background-position":"center center","background-size":"auto","background-attachment":"scroll","background-type":"","background-media":"","overlay-type":"","overlay-color":"","overlay-opacity":"","overlay-gradient":""},"mobile":{"background-color":"var(--ast-global-color-5)","background-image":"","background-repeat":"repeat","background-position":"center center","background-size":"auto","background-attachment":"scroll","background-type":"","background-media":"","overlay-type":"","overlay-color":"","overlay-opacity":"","overlay-gradient":""}}},"product_brand":[],"product_cat":[15],"product_tag":[],"class_list":{"0":"post-20169","1":"product","2":"type-product","3":"status-publish","4":"has-post-thumbnail","6":"product_cat-resultats","7":"desktop-align-center","8":"tablet-align-left","9":"mobile-align-left","11":"first","12":"outofstock","13":"taxable","14":"shipping-taxable","15":"product-type-simple"},"yoast_head":"<!-- This site is optimized with the Yoast SEO plugin v27.2 - https:\/\/yoast.com\/product\/yoast-seo-wordpress\/ -->\n<title>Au Pays de l&#039;Or Noir - Beile<\/title>\n<meta name=\"description\" content=\"R\u00e9\u00e9dition Au Pays de L&#039;Or Noir de 1953, 4\u00e8me plat B6, dos Jaune, Pages de garde bleu claire, Imprim\u00e9 en Belgique. Proche neuf.\" \/>\n<meta name=\"robots\" content=\"index, follow, max-snippet:-1, max-image-preview:large, max-video-preview:-1\" \/>\n<link rel=\"canonical\" href=\"https:\/\/beile.fr\/en\/product-2\/au-pays-de-lor-noir-5\/\" \/>\n<meta property=\"og:locale\" content=\"en_GB\" \/>\n<meta property=\"og:type\" content=\"article\" \/>\n<meta property=\"og:title\" content=\"Au Pays de l&#039;Or Noir - Beile\" \/>\n<meta property=\"og:description\" content=\"R\u00e9\u00e9dition Au Pays de L&#039;Or Noir de 1953, 4\u00e8me plat B6, dos Jaune, Pages de garde bleu claire, Imprim\u00e9 en Belgique. Proche neuf.\" \/>\n<meta property=\"og:url\" content=\"https:\/\/beile.fr\/en\/product-2\/au-pays-de-lor-noir-5\/\" \/>\n<meta property=\"og:site_name\" content=\"Beile\" \/>\n<meta property=\"article:modified_time\" content=\"2024-02-17T17:25:49+00:00\" \/>\n<meta property=\"og:image\" content=\"https:\/\/beile.fr\/wp-content\/uploads\/2024\/02\/1-5-scaled.jpg\" \/>\n\t<meta property=\"og:image:width\" content=\"1929\" \/>\n\t<meta property=\"og:image:height\" content=\"2560\" \/>\n\t<meta property=\"og:image:type\" content=\"image\/jpeg\" \/>\n<meta name=\"twitter:card\" content=\"summary_large_image\" \/>\n<meta name=\"twitter:label1\" content=\"Estimated reading time\" \/>\n\t<meta name=\"twitter:data1\" content=\"1 minute\" \/>\n<script type=\"application\/ld+json\" class=\"yoast-schema-graph\">{\"@context\":\"https:\/\/schema.org\",\"@graph\":[{\"@type\":\"WebPage\",\"@id\":\"https:\/\/beile.fr\/produit\/au-pays-de-lor-noir-5\/\",\"url\":\"https:\/\/beile.fr\/produit\/au-pays-de-lor-noir-5\/\",\"name\":\"Au Pays de l'Or Noir - Beile\",\"isPartOf\":{\"@id\":\"https:\/\/beile.fr\/#website\"},\"primaryImageOfPage\":{\"@id\":\"https:\/\/beile.fr\/produit\/au-pays-de-lor-noir-5\/#primaryimage\"},\"image\":{\"@id\":\"https:\/\/beile.fr\/produit\/au-pays-de-lor-noir-5\/#primaryimage\"},\"thumbnailUrl\":\"https:\/\/beile.fr\/wp-content\/uploads\/2024\/02\/1-5-scaled.jpg\",\"datePublished\":\"2024-02-16T17:52:51+00:00\",\"dateModified\":\"2024-02-17T17:25:49+00:00\",\"description\":\"R\u00e9\u00e9dition Au Pays de L'Or Noir de 1953, 4\u00e8me plat B6, dos Jaune, Pages de garde bleu claire, Imprim\u00e9 en Belgique. Proche neuf.\",\"breadcrumb\":{\"@id\":\"https:\/\/beile.fr\/produit\/au-pays-de-lor-noir-5\/#breadcrumb\"},\"inLanguage\":\"en-GB\",\"potentialAction\":[{\"@type\":\"ReadAction\",\"target\":[\"https:\/\/beile.fr\/produit\/au-pays-de-lor-noir-5\/\"]}]},{\"@type\":\"ImageObject\",\"inLanguage\":\"en-GB\",\"@id\":\"https:\/\/beile.fr\/produit\/au-pays-de-lor-noir-5\/#primaryimage\",\"url\":\"https:\/\/beile.fr\/wp-content\/uploads\/2024\/02\/1-5-scaled.jpg\",\"contentUrl\":\"https:\/\/beile.fr\/wp-content\/uploads\/2024\/02\/1-5-scaled.jpg\",\"width\":1929,\"height\":2560,\"caption\":\"Tintin au Pays de l'Or Noir B6 1952\"},{\"@type\":\"BreadcrumbList\",\"@id\":\"https:\/\/beile.fr\/produit\/au-pays-de-lor-noir-5\/#breadcrumb\",\"itemListElement\":[{\"@type\":\"ListItem\",\"position\":1,\"name\":\"Produits\",\"item\":\"https:\/\/beile.fr\/boutique\/\"},{\"@type\":\"ListItem\",\"position\":2,\"name\":\"Au Pays de l&#8217;Or Noir\"}]},{\"@type\":\"WebSite\",\"@id\":\"https:\/\/beile.fr\/#website\",\"url\":\"https:\/\/beile.fr\/\",\"name\":\"Beile\",\"description\":\"Vente oeuvres d&#039;arts et BD\",\"publisher\":{\"@id\":\"https:\/\/beile.fr\/#organization\"},\"potentialAction\":[{\"@type\":\"SearchAction\",\"target\":{\"@type\":\"EntryPoint\",\"urlTemplate\":\"https:\/\/beile.fr\/?s={search_term_string}\"},\"query-input\":{\"@type\":\"PropertyValueSpecification\",\"valueRequired\":true,\"valueName\":\"search_term_string\"}}],\"inLanguage\":\"en-GB\"},{\"@type\":\"Organization\",\"@id\":\"https:\/\/beile.fr\/#organization\",\"name\":\"Beile\",\"url\":\"https:\/\/beile.fr\/\",\"logo\":{\"@type\":\"ImageObject\",\"inLanguage\":\"en-GB\",\"@id\":\"https:\/\/beile.fr\/#\/schema\/logo\/image\/\",\"url\":\"https:\/\/beile.fr\/wp-content\/uploads\/2024\/01\/cropped-cropped-et.jpg\",\"contentUrl\":\"https:\/\/beile.fr\/wp-content\/uploads\/2024\/01\/cropped-cropped-et.jpg\",\"width\":1802,\"height\":1045,\"caption\":\"Beile\"},\"image\":{\"@id\":\"https:\/\/beile.fr\/#\/schema\/logo\/image\/\"}}]}<\/script>\n<!-- \/ Yoast SEO plugin. -->","yoast_head_json":{"title":"Land of Black Gold - Beile","description":"R\u00e9\u00e9dition Au Pays de L'Or Noir de 1953, 4\u00e8me plat B6, dos Jaune, Pages de garde bleu claire, Imprim\u00e9 en Belgique. Proche neuf.","robots":{"index":"index","follow":"follow","max-snippet":"max-snippet:-1","max-image-preview":"max-image-preview:large","max-video-preview":"max-video-preview:-1"},"canonical":"https:\/\/beile.fr\/en\/product-2\/au-pays-de-lor-noir-5\/","og_locale":"en_GB","og_type":"article","og_title":"Au Pays de l'Or Noir - Beile","og_description":"R\u00e9\u00e9dition Au Pays de L'Or Noir de 1953, 4\u00e8me plat B6, dos Jaune, Pages de garde bleu claire, Imprim\u00e9 en Belgique. Proche neuf.","og_url":"https:\/\/beile.fr\/en\/product-2\/au-pays-de-lor-noir-5\/","og_site_name":"Beile","article_modified_time":"2024-02-17T17:25:49+00:00","og_image":[{"width":1929,"height":2560,"url":"https:\/\/beile.fr\/wp-content\/uploads\/2024\/02\/1-5-scaled.jpg","type":"image\/jpeg"}],"twitter_card":"summary_large_image","twitter_misc":{"Estimated reading time":"1 minute"},"schema":{"@context":"https:\/\/schema.org","@graph":[{"@type":"WebPage","@id":"https:\/\/beile.fr\/produit\/au-pays-de-lor-noir-5\/","url":"https:\/\/beile.fr\/produit\/au-pays-de-lor-noir-5\/","name":"Land of Black Gold - Beile","isPartOf":{"@id":"https:\/\/beile.fr\/#website"},"primaryImageOfPage":{"@id":"https:\/\/beile.fr\/produit\/au-pays-de-lor-noir-5\/#primaryimage"},"image":{"@id":"https:\/\/beile.fr\/produit\/au-pays-de-lor-noir-5\/#primaryimage"},"thumbnailUrl":"https:\/\/beile.fr\/wp-content\/uploads\/2024\/02\/1-5-scaled.jpg","datePublished":"2024-02-16T17:52:51+00:00","dateModified":"2024-02-17T17:25:49+00:00","description":"R\u00e9\u00e9dition Au Pays de L'Or Noir de 1953, 4\u00e8me plat B6, dos Jaune, Pages de garde bleu claire, Imprim\u00e9 en Belgique. Proche neuf.","breadcrumb":{"@id":"https:\/\/beile.fr\/produit\/au-pays-de-lor-noir-5\/#breadcrumb"},"inLanguage":"en-GB","potentialAction":[{"@type":"ReadAction","target":["https:\/\/beile.fr\/produit\/au-pays-de-lor-noir-5\/"]}]},{"@type":"ImageObject","inLanguage":"en-GB","@id":"https:\/\/beile.fr\/produit\/au-pays-de-lor-noir-5\/#primaryimage","url":"https:\/\/beile.fr\/wp-content\/uploads\/2024\/02\/1-5-scaled.jpg","contentUrl":"https:\/\/beile.fr\/wp-content\/uploads\/2024\/02\/1-5-scaled.jpg","width":1929,"height":2560,"caption":"Tintin au Pays de l'Or Noir B6 1952"},{"@type":"BreadcrumbList","@id":"https:\/\/beile.fr\/produit\/au-pays-de-lor-noir-5\/#breadcrumb","itemListElement":[{"@type":"ListItem","position":1,"name":"Produits","item":"https:\/\/beile.fr\/boutique\/"},{"@type":"ListItem","position":2,"name":"Au Pays de l&#8217;Or Noir"}]},{"@type":"WebSite","@id":"https:\/\/beile.fr\/#website","url":"https:\/\/beile.fr\/","name":"Beile","description":"Sale of artwork and comics","publisher":{"@id":"https:\/\/beile.fr\/#organization"},"potentialAction":[{"@type":"SearchAction","target":{"@type":"EntryPoint","urlTemplate":"https:\/\/beile.fr\/?s={search_term_string}"},"query-input":{"@type":"PropertyValueSpecification","valueRequired":true,"valueName":"search_term_string"}}],"inLanguage":"en-GB"},{"@type":"Organization","@id":"https:\/\/beile.fr\/#organization","name":"Beile","url":"https:\/\/beile.fr\/","logo":{"@type":"ImageObject","inLanguage":"en-GB","@id":"https:\/\/beile.fr\/#\/schema\/logo\/image\/","url":"https:\/\/beile.fr\/wp-content\/uploads\/2024\/01\/cropped-cropped-et.jpg","contentUrl":"https:\/\/beile.fr\/wp-content\/uploads\/2024\/01\/cropped-cropped-et.jpg","width":1802,"height":1045,"caption":"Beile"},"image":{"@id":"https:\/\/beile.fr\/#\/schema\/logo\/image\/"}}]}},"jetpack_sharing_enabled":true,"publishpress_future_action":{"enabled":false,"date":"2026-05-06 08:13:35","action":"change-status","newStatus":"trash","terms":[],"taxonomy":"product_brand","extraData":[]},"publishpress_future_workflow_manual_trigger":{"enabledWorkflows":[]},"_links":{"self":[{"href":"https:\/\/beile.fr\/en\/wp-json\/wp\/v2\/product\/20169","targetHints":{"allow":["GET"]}}],"collection":[{"href":"https:\/\/beile.fr\/en\/wp-json\/wp\/v2\/product"}],"about":[{"href":"https:\/\/beile.fr\/en\/wp-json\/wp\/v2\/types\/product"}],"version-history":[{"count":2,"href":"https:\/\/beile.fr\/en\/wp-json\/wp\/v2\/product\/20169\/revisions"}],"predecessor-version":[{"id":20199,"href":"https:\/\/beile.fr\/en\/wp-json\/wp\/v2\/product\/20169\/revisions\/20199"}],"wp:featuredmedia":[{"embeddable":true,"href":"https:\/\/beile.fr\/en\/wp-json\/wp\/v2\/media\/20170"}],"wp:attachment":[{"href":"https:\/\/beile.fr\/en\/wp-json\/wp\/v2\/media?parent=20169"}],"wp:term":[{"taxonomy":"product_brand","embeddable":true,"href":"https:\/\/beile.fr\/en\/wp-json\/wp\/v2\/product_brand?post=20169"},{"taxonomy":"product_cat","embeddable":true,"href":"https:\/\/beile.fr\/en\/wp-json\/wp\/v2\/product_cat?post=20169"},{"taxonomy":"product_tag","embeddable":true,"href":"https:\/\/beile.fr\/en\/wp-json\/wp\/v2\/product_tag?post=20169"}],"curies":[{"name":"wp","href":"https:\/\/api.w.org\/{rel}","templated":true}]}}