{"id":6891,"date":"2023-03-06T09:43:25","date_gmt":"2023-03-06T07:43:25","guid":{"rendered":"https:\/\/beile.fr\/?post_type=product&#038;p=6891"},"modified":"2023-11-27T18:00:00","modified_gmt":"2023-11-27T16:00:00","slug":"asterix-and-cleopatra","status":"publish","type":"product","link":"https:\/\/beile.fr\/en\/product-2\/asterix-and-cleopatra\/","title":{"rendered":"Asterix and Cleopatra"},"content":{"rendered":"<p>Reissue of Asterix and Cleopatra, 6A of 1965, in Dargaud\u2019s Pilot Collection, white back printed, 17 titles of the Pilot Collection on a column, 16 \"already published\", Fort Navajo \"has just appeared\".<\/p>\n<p>The sides are close to new, with beautiful colors.<br \/>\nNote a clean erased inscription at the bottom right on the 4th side.<br \/>\nThe square back is perfectly regular.<br \/>\nThe caps are sharp, lightly packed and rubbed.<br \/>\nThe corners are sharp, close to the new.<br \/>\nThe binding is perfect, firm.<br \/>\nThe cover pages are perfect.<br \/>\nThe inner pages are close to the new state.<br \/>\nA copy in very good condition.<\/p>","protected":false},"excerpt":{"rendered":"<p>Reissue of Asterix and Cleopatra, 6A of 1965, in Dargaud\u2019s Pilot Collection, white back printed, 17 titles of the Pilot Collection on a column, 16 \"already published\", Fort Navajo \"has just appeared\".<\/p>","protected":false},"featured_media":5364,"template":"","meta":{"site-sidebar-layout":"default","site-content-layout":"default","ast-site-content-layout":"default","site-content-style":"default","site-sidebar-style":"default","ast-global-header-display":"","ast-banner-title-visibility":"","ast-main-header-display":"","ast-hfb-above-header-display":"","ast-hfb-below-header-display":"","ast-hfb-mobile-header-display":"","site-post-title":"","ast-breadcrumbs-content":"","ast-featured-img":"","footer-sml-layout":"","ast-disable-related-posts":"","theme-transparent-header-meta":"default","adv-header-id-meta":"","stick-header-meta":"","header-above-stick-meta":"","header-main-stick-meta":"","header-below-stick-meta":"","astra-migrate-meta-layouts":"default","ast-page-background-enabled":"default","ast-page-background-meta":{"desktop":{"background-color":"var(--ast-global-color-4)","background-image":"","background-repeat":"repeat","background-position":"center center","background-size":"auto","background-attachment":"scroll","background-type":"","background-media":"","overlay-type":"","overlay-color":"","overlay-opacity":"","overlay-gradient":""},"tablet":{"background-color":"","background-image":"","background-repeat":"repeat","background-position":"center center","background-size":"auto","background-attachment":"scroll","background-type":"","background-media":"","overlay-type":"","overlay-color":"","overlay-opacity":"","overlay-gradient":""},"mobile":{"background-color":"","background-image":"","background-repeat":"repeat","background-position":"center center","background-size":"auto","background-attachment":"scroll","background-type":"","background-media":"","overlay-type":"","overlay-color":"","overlay-opacity":"","overlay-gradient":""}},"ast-content-background-meta":{"desktop":{"background-color":"var(--ast-global-color-5)","background-image":"","background-repeat":"repeat","background-position":"center center","background-size":"auto","background-attachment":"scroll","background-type":"","background-media":"","overlay-type":"","overlay-color":"","overlay-opacity":"","overlay-gradient":""},"tablet":{"background-color":"var(--ast-global-color-5)","background-image":"","background-repeat":"repeat","background-position":"center center","background-size":"auto","background-attachment":"scroll","background-type":"","background-media":"","overlay-type":"","overlay-color":"","overlay-opacity":"","overlay-gradient":""},"mobile":{"background-color":"var(--ast-global-color-5)","background-image":"","background-repeat":"repeat","background-position":"center center","background-size":"auto","background-attachment":"scroll","background-type":"","background-media":"","overlay-type":"","overlay-color":"","overlay-opacity":"","overlay-gradient":""}}},"product_brand":[],"product_cat":[15],"product_tag":[],"class_list":{"0":"post-6891","1":"product","2":"type-product","3":"status-publish","4":"has-post-thumbnail","6":"product_cat-resultats","7":"desktop-align-center","8":"tablet-align-left","9":"mobile-align-left","11":"first","12":"outofstock","13":"taxable","14":"shipping-taxable","15":"product-type-simple"},"yoast_head":"<!-- This site is optimized with the Yoast SEO plugin v27.2 - https:\/\/yoast.com\/product\/yoast-seo-wordpress\/ -->\n<title>Ast\u00e9rix et Cl\u00e9op\u00e2tre 1965 - Beile<\/title>\n<meta name=\"description\" content=\"R\u00e9\u00e9dition d\u2019Ast\u00e9rix et Cl\u00e9op\u00e2tre, 6A de 1965, dans la Collection Pilote de chez Dargaud, dos blanc Imprim\u00e9, 17 titres de la Collection Pilote sur une colonne, 16 &quot;d\u00e9j\u00e0 paru&quot;, Fort Navajo &quot;vient de paraitre \u00bb.\" \/>\n<meta name=\"robots\" content=\"index, follow, max-snippet:-1, max-image-preview:large, max-video-preview:-1\" \/>\n<link rel=\"canonical\" href=\"https:\/\/beile.fr\/en\/product-2\/asterix-and-cleopatra\/\" \/>\n<meta property=\"og:locale\" content=\"en_GB\" \/>\n<meta property=\"og:type\" content=\"article\" \/>\n<meta property=\"og:title\" content=\"Ast\u00e9rix et Cl\u00e9op\u00e2tre 1965 - Beile\" \/>\n<meta property=\"og:description\" content=\"R\u00e9\u00e9dition d\u2019Ast\u00e9rix et Cl\u00e9op\u00e2tre, 6A de 1965, dans la Collection Pilote de chez Dargaud, dos blanc Imprim\u00e9, 17 titres de la Collection Pilote sur une colonne, 16 &quot;d\u00e9j\u00e0 paru&quot;, Fort Navajo &quot;vient de paraitre \u00bb.\" \/>\n<meta property=\"og:url\" content=\"https:\/\/beile.fr\/en\/product-2\/asterix-and-cleopatra\/\" \/>\n<meta property=\"og:site_name\" content=\"Beile\" \/>\n<meta property=\"article:modified_time\" content=\"2023-11-27T16:00:00+00:00\" \/>\n<meta property=\"og:image\" content=\"https:\/\/beile.fr\/wp-content\/uploads\/2023\/02\/1-3-scaled.jpg\" \/>\n\t<meta property=\"og:image:width\" content=\"1929\" \/>\n\t<meta property=\"og:image:height\" content=\"2560\" \/>\n\t<meta property=\"og:image:type\" content=\"image\/jpeg\" \/>\n<meta name=\"twitter:card\" content=\"summary_large_image\" \/>\n<meta name=\"twitter:label1\" content=\"Estimated reading time\" \/>\n\t<meta name=\"twitter:data1\" content=\"1 minute\" \/>\n<script type=\"application\/ld+json\" class=\"yoast-schema-graph\">{\"@context\":\"https:\/\/schema.org\",\"@graph\":[{\"@type\":\"WebPage\",\"@id\":\"https:\/\/beile.fr\/produit\/asterix-et-cleopatre-1965\/\",\"url\":\"https:\/\/beile.fr\/produit\/asterix-et-cleopatre-1965\/\",\"name\":\"Ast\u00e9rix et Cl\u00e9op\u00e2tre 1965 - Beile\",\"isPartOf\":{\"@id\":\"https:\/\/beile.fr\/#website\"},\"primaryImageOfPage\":{\"@id\":\"https:\/\/beile.fr\/produit\/asterix-et-cleopatre-1965\/#primaryimage\"},\"image\":{\"@id\":\"https:\/\/beile.fr\/produit\/asterix-et-cleopatre-1965\/#primaryimage\"},\"thumbnailUrl\":\"https:\/\/beile.fr\/wp-content\/uploads\/2023\/02\/1-3-scaled.jpg\",\"datePublished\":\"2023-03-06T07:43:25+00:00\",\"dateModified\":\"2023-11-27T16:00:00+00:00\",\"description\":\"R\u00e9\u00e9dition d\u2019Ast\u00e9rix et Cl\u00e9op\u00e2tre, 6A de 1965, dans la Collection Pilote de chez Dargaud, dos blanc Imprim\u00e9, 17 titres de la Collection Pilote sur une colonne, 16 \\\"d\u00e9j\u00e0 paru\\\", Fort Navajo \\\"vient de paraitre \u00bb.\",\"breadcrumb\":{\"@id\":\"https:\/\/beile.fr\/produit\/asterix-et-cleopatre-1965\/#breadcrumb\"},\"inLanguage\":\"en-GB\",\"potentialAction\":[{\"@type\":\"ReadAction\",\"target\":[\"https:\/\/beile.fr\/produit\/asterix-et-cleopatre-1965\/\"]}]},{\"@type\":\"ImageObject\",\"inLanguage\":\"en-GB\",\"@id\":\"https:\/\/beile.fr\/produit\/asterix-et-cleopatre-1965\/#primaryimage\",\"url\":\"https:\/\/beile.fr\/wp-content\/uploads\/2023\/02\/1-3-scaled.jpg\",\"contentUrl\":\"https:\/\/beile.fr\/wp-content\/uploads\/2023\/02\/1-3-scaled.jpg\",\"width\":1929,\"height\":2560},{\"@type\":\"BreadcrumbList\",\"@id\":\"https:\/\/beile.fr\/produit\/asterix-et-cleopatre-1965\/#breadcrumb\",\"itemListElement\":[{\"@type\":\"ListItem\",\"position\":1,\"name\":\"Produits\",\"item\":\"https:\/\/beile.fr\/boutique\/\"},{\"@type\":\"ListItem\",\"position\":2,\"name\":\"Ast\u00e9rix et Cl\u00e9op\u00e2tre\"}]},{\"@type\":\"WebSite\",\"@id\":\"https:\/\/beile.fr\/#website\",\"url\":\"https:\/\/beile.fr\/\",\"name\":\"Beile\",\"description\":\"Vente oeuvres d&#039;arts et BD\",\"publisher\":{\"@id\":\"https:\/\/beile.fr\/#organization\"},\"potentialAction\":[{\"@type\":\"SearchAction\",\"target\":{\"@type\":\"EntryPoint\",\"urlTemplate\":\"https:\/\/beile.fr\/?s={search_term_string}\"},\"query-input\":{\"@type\":\"PropertyValueSpecification\",\"valueRequired\":true,\"valueName\":\"search_term_string\"}}],\"inLanguage\":\"en-GB\"},{\"@type\":\"Organization\",\"@id\":\"https:\/\/beile.fr\/#organization\",\"name\":\"Beile\",\"url\":\"https:\/\/beile.fr\/\",\"logo\":{\"@type\":\"ImageObject\",\"inLanguage\":\"en-GB\",\"@id\":\"https:\/\/beile.fr\/#\/schema\/logo\/image\/\",\"url\":\"https:\/\/beile.fr\/wp-content\/uploads\/2024\/01\/cropped-cropped-et.jpg\",\"contentUrl\":\"https:\/\/beile.fr\/wp-content\/uploads\/2024\/01\/cropped-cropped-et.jpg\",\"width\":1802,\"height\":1045,\"caption\":\"Beile\"},\"image\":{\"@id\":\"https:\/\/beile.fr\/#\/schema\/logo\/image\/\"}}]}<\/script>\n<!-- \/ Yoast SEO plugin. -->","yoast_head_json":{"title":"Asterix and Cleopatra 1965 - Beile","description":"Reissue of Asterix and Cleopatra, 6A of 1965, in Dargaud\u2019s Pilot Collection, white back printed, 17 titles of the Pilot Collection on a column, 16 \"already published\", Fort Navajo \"has just appeared\".","robots":{"index":"index","follow":"follow","max-snippet":"max-snippet:-1","max-image-preview":"max-image-preview:large","max-video-preview":"max-video-preview:-1"},"canonical":"https:\/\/beile.fr\/en\/product-2\/asterix-and-cleopatra\/","og_locale":"en_GB","og_type":"article","og_title":"Ast\u00e9rix et Cl\u00e9op\u00e2tre 1965 - Beile","og_description":"R\u00e9\u00e9dition d\u2019Ast\u00e9rix et Cl\u00e9op\u00e2tre, 6A de 1965, dans la Collection Pilote de chez Dargaud, dos blanc Imprim\u00e9, 17 titres de la Collection Pilote sur une colonne, 16 \"d\u00e9j\u00e0 paru\", Fort Navajo \"vient de paraitre \u00bb.","og_url":"https:\/\/beile.fr\/en\/product-2\/asterix-and-cleopatra\/","og_site_name":"Beile","article_modified_time":"2023-11-27T16:00:00+00:00","og_image":[{"width":1929,"height":2560,"url":"https:\/\/beile.fr\/wp-content\/uploads\/2023\/02\/1-3-scaled.jpg","type":"image\/jpeg"}],"twitter_card":"summary_large_image","twitter_misc":{"Estimated reading time":"1 minute"},"schema":{"@context":"https:\/\/schema.org","@graph":[{"@type":"WebPage","@id":"https:\/\/beile.fr\/produit\/asterix-et-cleopatre-1965\/","url":"https:\/\/beile.fr\/produit\/asterix-et-cleopatre-1965\/","name":"Asterix and Cleopatra 1965 - Beile","isPartOf":{"@id":"https:\/\/beile.fr\/#website"},"primaryImageOfPage":{"@id":"https:\/\/beile.fr\/produit\/asterix-et-cleopatre-1965\/#primaryimage"},"image":{"@id":"https:\/\/beile.fr\/produit\/asterix-et-cleopatre-1965\/#primaryimage"},"thumbnailUrl":"https:\/\/beile.fr\/wp-content\/uploads\/2023\/02\/1-3-scaled.jpg","datePublished":"2023-03-06T07:43:25+00:00","dateModified":"2023-11-27T16:00:00+00:00","description":"Reissue of Asterix and Cleopatra, 6A of 1965, in Dargaud\u2019s Pilot Collection, white back printed, 17 titles of the Pilot Collection on a column, 16 \"already published\", Fort Navajo \"has just appeared\".","breadcrumb":{"@id":"https:\/\/beile.fr\/produit\/asterix-et-cleopatre-1965\/#breadcrumb"},"inLanguage":"en-GB","potentialAction":[{"@type":"ReadAction","target":["https:\/\/beile.fr\/produit\/asterix-et-cleopatre-1965\/"]}]},{"@type":"ImageObject","inLanguage":"en-GB","@id":"https:\/\/beile.fr\/produit\/asterix-et-cleopatre-1965\/#primaryimage","url":"https:\/\/beile.fr\/wp-content\/uploads\/2023\/02\/1-3-scaled.jpg","contentUrl":"https:\/\/beile.fr\/wp-content\/uploads\/2023\/02\/1-3-scaled.jpg","width":1929,"height":2560},{"@type":"BreadcrumbList","@id":"https:\/\/beile.fr\/produit\/asterix-et-cleopatre-1965\/#breadcrumb","itemListElement":[{"@type":"ListItem","position":1,"name":"Produits","item":"https:\/\/beile.fr\/boutique\/"},{"@type":"ListItem","position":2,"name":"Ast\u00e9rix et Cl\u00e9op\u00e2tre"}]},{"@type":"WebSite","@id":"https:\/\/beile.fr\/#website","url":"https:\/\/beile.fr\/","name":"Beile","description":"Sale of artwork and comics","publisher":{"@id":"https:\/\/beile.fr\/#organization"},"potentialAction":[{"@type":"SearchAction","target":{"@type":"EntryPoint","urlTemplate":"https:\/\/beile.fr\/?s={search_term_string}"},"query-input":{"@type":"PropertyValueSpecification","valueRequired":true,"valueName":"search_term_string"}}],"inLanguage":"en-GB"},{"@type":"Organization","@id":"https:\/\/beile.fr\/#organization","name":"Beile","url":"https:\/\/beile.fr\/","logo":{"@type":"ImageObject","inLanguage":"en-GB","@id":"https:\/\/beile.fr\/#\/schema\/logo\/image\/","url":"https:\/\/beile.fr\/wp-content\/uploads\/2024\/01\/cropped-cropped-et.jpg","contentUrl":"https:\/\/beile.fr\/wp-content\/uploads\/2024\/01\/cropped-cropped-et.jpg","width":1802,"height":1045,"caption":"Beile"},"image":{"@id":"https:\/\/beile.fr\/#\/schema\/logo\/image\/"}}]}},"jetpack_sharing_enabled":true,"publishpress_future_action":{"enabled":false,"date":"2026-05-13 17:49:26","action":"change-status","newStatus":"trash","terms":[],"taxonomy":"product_brand","extraData":[]},"publishpress_future_workflow_manual_trigger":{"enabledWorkflows":[]},"_links":{"self":[{"href":"https:\/\/beile.fr\/en\/wp-json\/wp\/v2\/product\/6891","targetHints":{"allow":["GET"]}}],"collection":[{"href":"https:\/\/beile.fr\/en\/wp-json\/wp\/v2\/product"}],"about":[{"href":"https:\/\/beile.fr\/en\/wp-json\/wp\/v2\/types\/product"}],"version-history":[{"count":5,"href":"https:\/\/beile.fr\/en\/wp-json\/wp\/v2\/product\/6891\/revisions"}],"predecessor-version":[{"id":7467,"href":"https:\/\/beile.fr\/en\/wp-json\/wp\/v2\/product\/6891\/revisions\/7467"}],"wp:featuredmedia":[{"embeddable":true,"href":"https:\/\/beile.fr\/en\/wp-json\/wp\/v2\/media\/5364"}],"wp:attachment":[{"href":"https:\/\/beile.fr\/en\/wp-json\/wp\/v2\/media?parent=6891"}],"wp:term":[{"taxonomy":"product_brand","embeddable":true,"href":"https:\/\/beile.fr\/en\/wp-json\/wp\/v2\/product_brand?post=6891"},{"taxonomy":"product_cat","embeddable":true,"href":"https:\/\/beile.fr\/en\/wp-json\/wp\/v2\/product_cat?post=6891"},{"taxonomy":"product_tag","embeddable":true,"href":"https:\/\/beile.fr\/en\/wp-json\/wp\/v2\/product_tag?post=6891"}],"curies":[{"name":"wp","href":"https:\/\/api.w.org\/{rel}","templated":true}]}}